{"id":328,"date":"2017-05-03T10:24:14","date_gmt":"2017-05-03T08:24:14","guid":{"rendered":"http:\/\/cajovnajasminka.sk\/?post_type=product&#038;p=328"},"modified":"2023-01-19T10:26:36","modified_gmt":"2023-01-19T09:26:36","slug":"dhataki-silna-menstruacia","status":"publish","type":"product","link":"http:\/\/cajovnajasminka.sk\/?product=dhataki-silna-menstruacia","title":{"rendered":"Dhataki-siln\u00e1 men\u0161tru\u00e1cia"},"content":{"rendered":"<p>Himal\u00e1jske byliny sa u\u017e po cel\u00e9 st\u00e1ro\u010dia pou\u017e\u00edvaj\u00fa k optimaliz\u00e1cii du\u0161evn\u00fdch a telesn\u00fdch funkci\u00ed organizmu. S\u00fa z\u00e1kladom tradi\u010dn\u00e9ho ajurv\u00e9dsk\u00e9ho lek\u00e1rstva, ktor\u00e9 ich pou\u017e\u00edva v mnoh\u00fdch najr\u00f4znej\u0161\u00edch kombin\u00e1ci\u00e1ch.<\/p>\n<p><strong>\u010caj Dhataki p\u00f4sob\u00ed priaznivo pri ve\u013emi silnom alebo pred\u013a\u017eenom men\u0161trua\u010dnom krv\u00e1can\u00ed<br \/>\nHarmonizuje hormon\u00e1lny syst\u00e9m a men\u0161trua\u010dn\u00fd cyklus<br \/>\nPrispieva k pokojn\u00e9mu priebehu men\u0161tru\u00e1cie a jej prejavov<br \/>\nOptimalizuje psychick\u00fd stav pri podr\u00e1\u017edenosti a nervozite<br \/>\nPriaznivo ovplyv\u0148uje \u017eensk\u00fd reproduk\u010dn\u00fd syst\u00e9m<\/strong><\/p>\n<p><strong>Zlo\u017eenie :\u00a0<\/strong><\/p>\n<p>Ashoka (Saraca indica), koriander siaty (Coriandrum sativum), Dhataki (Woodfordia fructicosa), fenikel oby\u010dajn\u00fd (Foeniculum vulgare), \u0161achor okr\u00fahly (Chlorocyperus eragrostis), Kapok (Ceiba pentandra), kurkumovn\u00edk dlh\u00fd (Curcuma longa), embilika lek\u00e1rska &#8211; Amalaki (Emblica officinalis), Haritaki (Terminalia chebula), Vibhitaka (terminalia bellirica).<\/p>\n<p><strong>Hmotnos\u0165 :<\/strong>\u00a0100 g<\/p>\n","protected":false},"excerpt":{"rendered":"<p>Himal\u00e1jske byliny sa u\u017e po cel\u00e9 st\u00e1ro\u010dia pou\u017e\u00edvaj\u00fa k optimaliz\u00e1cii du\u0161evn\u00fdch a telesn\u00fdch funkci\u00ed organizmu. S\u00fa z\u00e1kladom tradi\u010dn\u00e9ho ajurv\u00e9dsk\u00e9ho lek\u00e1rstva, ktor\u00e9 ich pou\u017e\u00edva v mnoh\u00fdch najr\u00f4znej\u0161\u00edch kombin\u00e1ci\u00e1ch. \u010caj Dhataki p\u00f4sob\u00ed priaznivo pri ve\u013emi silnom alebo pred\u013a\u017eenom men\u0161trua\u010dnom krv\u00e1can\u00ed Harmonizuje hormon\u00e1lny syst\u00e9m a men\u0161trua\u010dn\u00fd cyklus Prispieva k pokojn\u00e9mu priebehu men\u0161tru\u00e1cie a jej prejavov Optimalizuje psychick\u00fd stav<\/p>\n","protected":false},"featured_media":329,"comment_status":"open","ping_status":"closed","template":"","meta":[],"_links":{"self":[{"href":"http:\/\/cajovnajasminka.sk\/index.php?rest_route=\/wp\/v2\/product\/328"}],"collection":[{"href":"http:\/\/cajovnajasminka.sk\/index.php?rest_route=\/wp\/v2\/product"}],"about":[{"href":"http:\/\/cajovnajasminka.sk\/index.php?rest_route=\/wp\/v2\/types\/product"}],"replies":[{"embeddable":true,"href":"http:\/\/cajovnajasminka.sk\/index.php?rest_route=%2Fwp%2Fv2%2Fcomments&post=328"}],"wp:featuredmedia":[{"embeddable":true,"href":"http:\/\/cajovnajasminka.sk\/index.php?rest_route=\/wp\/v2\/media\/329"}],"wp:attachment":[{"href":"http:\/\/cajovnajasminka.sk\/index.php?rest_route=%2Fwp%2Fv2%2Fmedia&parent=328"}],"curies":[{"name":"wp","href":"https:\/\/api.w.org\/{rel}","templated":true}]}}