{"id":3272,"date":"2022-03-09T17:07:40","date_gmt":"2022-03-09T16:07:40","guid":{"rendered":"http:\/\/cajovnajasminka.sk\/?post_type=product&#038;p=3272"},"modified":"2022-03-09T17:19:37","modified_gmt":"2022-03-09T16:19:37","slug":"so-zipsom-m","status":"publish","type":"product","link":"http:\/\/cajovnajasminka.sk\/?product=so-zipsom-m","title":{"rendered":"So zipsom M"},"content":{"rendered":"<p>D\u00e1mska teplej\u0161ia mikinka (zvn\u00fatra po\u010desan\u00e1) so zipsom. Materi\u00e1l: 65% bavlna+ 35% pes.<\/p>\n<p>&nbsp;<\/p>\n","protected":false},"excerpt":{"rendered":"<p><b>Ru\u010dn\u00e1 pr\u00e1ca, ka\u017ed\u00fd kus je origin\u00e1l, aj na objedn\u00e1vku\u00a0<\/b><\/p>\n","protected":false},"featured_media":3275,"comment_status":"closed","ping_status":"closed","template":"","meta":[],"_links":{"self":[{"href":"http:\/\/cajovnajasminka.sk\/index.php?rest_route=\/wp\/v2\/product\/3272"}],"collection":[{"href":"http:\/\/cajovnajasminka.sk\/index.php?rest_route=\/wp\/v2\/product"}],"about":[{"href":"http:\/\/cajovnajasminka.sk\/index.php?rest_route=\/wp\/v2\/types\/product"}],"replies":[{"embeddable":true,"href":"http:\/\/cajovnajasminka.sk\/index.php?rest_route=%2Fwp%2Fv2%2Fcomments&post=3272"}],"wp:featuredmedia":[{"embeddable":true,"href":"http:\/\/cajovnajasminka.sk\/index.php?rest_route=\/wp\/v2\/media\/3275"}],"wp:attachment":[{"href":"http:\/\/cajovnajasminka.sk\/index.php?rest_route=%2Fwp%2Fv2%2Fmedia&parent=3272"}],"curies":[{"name":"wp","href":"https:\/\/api.w.org\/{rel}","templated":true}]}}