{"id":3268,"date":"2022-03-09T17:00:28","date_gmt":"2022-03-09T16:00:28","guid":{"rendered":"http:\/\/cajovnajasminka.sk\/?post_type=product&#038;p=3268"},"modified":"2022-03-10T11:56:11","modified_gmt":"2022-03-10T10:56:11","slug":"spral-uni-m-l","status":"publish","type":"product","link":"http:\/\/cajovnajasminka.sk\/?product=spral-uni-m-l","title":{"rendered":"Spiral UNI M\/L"},"content":{"rendered":"<p>Batikovan\u00e1 mikinka UNI s klokanov\u00fdm vreckom na prednom diely, bez bo\u010dn\u00fdch \u0161vov, zvn\u00fatra po\u010desan\u00e1. Materi\u00e1l 80% bavlna+ 20% pes. D\u00e1mska ve\u013ekos\u0165 L, p\u00e1nska M.<\/p>\n<p>&nbsp;<\/p>\n","protected":false},"excerpt":{"rendered":"<p><b>Ru\u010dn\u00e1 pr\u00e1ca, ka\u017ed\u00fd kus je origin\u00e1l, aj na objedn\u00e1vku\u00a0<\/b><\/p>\n","protected":false},"featured_media":3269,"comment_status":"closed","ping_status":"closed","template":"","meta":[],"_links":{"self":[{"href":"http:\/\/cajovnajasminka.sk\/index.php?rest_route=\/wp\/v2\/product\/3268"}],"collection":[{"href":"http:\/\/cajovnajasminka.sk\/index.php?rest_route=\/wp\/v2\/product"}],"about":[{"href":"http:\/\/cajovnajasminka.sk\/index.php?rest_route=\/wp\/v2\/types\/product"}],"replies":[{"embeddable":true,"href":"http:\/\/cajovnajasminka.sk\/index.php?rest_route=%2Fwp%2Fv2%2Fcomments&post=3268"}],"wp:featuredmedia":[{"embeddable":true,"href":"http:\/\/cajovnajasminka.sk\/index.php?rest_route=\/wp\/v2\/media\/3269"}],"wp:attachment":[{"href":"http:\/\/cajovnajasminka.sk\/index.php?rest_route=%2Fwp%2Fv2%2Fmedia&parent=3268"}],"curies":[{"name":"wp","href":"https:\/\/api.w.org\/{rel}","templated":true}]}}