{"id":326,"date":"2017-05-02T22:40:33","date_gmt":"2017-05-02T20:40:33","guid":{"rendered":"http:\/\/cajovnajasminka.sk\/?post_type=product&#038;p=326"},"modified":"2023-01-19T10:27:21","modified_gmt":"2023-01-19T09:27:21","slug":"shatapushpi-nepravidelna-menstruacia","status":"publish","type":"product","link":"http:\/\/cajovnajasminka.sk\/?product=shatapushpi-nepravidelna-menstruacia","title":{"rendered":"Shatapushpi-nepravideln\u00e1 men\u0161tru\u00e1cia"},"content":{"rendered":"<p>Himal\u00e1jske byliny sa u\u017e po cel\u00e9 st\u00e1ro\u010dia pou\u017e\u00edvaj\u00fa k optimaliz\u00e1cii du\u0161evn\u00fdch a telesn\u00fdch funkci\u00ed organizmu. S\u00fa z\u00e1kladom tradi\u010dn\u00e9ho ajurv\u00e9dsk\u00e9ho lek\u00e1rstva, ktor\u00e9 ich pou\u017e\u00edva v mnoh\u00fdch najr\u00f4znej\u0161\u00edch kombin\u00e1ci\u00e1ch.<\/p>\n<p><strong>\u010caj Shatapushpi\u00a0p\u00f4sob\u00ed priaznivo pri nepravidelnom men\u0161trua\u010dnom cykle a dlhodobej\u0161ie absencii men\u0161tru\u00e1cie<br \/>\nHarmonizuje hormon\u00e1lny syst\u00e9m a men\u0161trua\u010dn\u00fd cyklus<br \/>\nPrispieva k pokojn\u00e9mu priebehu men\u0161tru\u00e1cie a jej prejavov<br \/>\nOptimalizuje psychick\u00fd stav pri podr\u00e1\u017edenosti a nervozite<br \/>\nPriaznivo ovplyv\u0148uje \u017eensk\u00fd reproduk\u010dn\u00fd syst\u00e9m<\/strong><\/p>\n<p><strong>Zlo\u017eenie :\u00a0<\/strong><\/p>\n<p>Embilika lek\u00e1rska &#8211; Amalaki (Emblica officinalis), chebula srd\u010dit\u00e1 (Tinospora cordifolia), fenykel oby\u010dajn\u00fd (Foeniculum vulgare), \u0161parg\u013ea hroznovit\u00e1 (Asparagus racemosus), rasca r\u00edmska (Cuminum cuminum L.), Sladovka hladkoplod\u00e1 &#8211; sladk\u00e9 drievko (Glycyrrhiza glabra), \u0161achor okr\u00fahly (Chlorocyperus eragrostis), kurkumovn\u00edk dlh\u00fd (Curcuma longa).<\/p>\n<p><strong>Hmotnos\u0165 :<\/strong>\u00a0100 g<\/p>\n","protected":false},"excerpt":{"rendered":"<p>Himal\u00e1jske byliny sa u\u017e po cel\u00e9 st\u00e1ro\u010dia pou\u017e\u00edvaj\u00fa k optimaliz\u00e1cii du\u0161evn\u00fdch a telesn\u00fdch funkci\u00ed organizmu. S\u00fa z\u00e1kladom tradi\u010dn\u00e9ho ajurv\u00e9dsk\u00e9ho lek\u00e1rstva, ktor\u00e9 ich pou\u017e\u00edva v mnoh\u00fdch najr\u00f4znej\u0161\u00edch kombin\u00e1ci\u00e1ch. \u010caj Shatapushpi\u00a0p\u00f4sob\u00ed priaznivo pri nepravidelnom men\u0161trua\u010dnom cykle a dlhodobej\u0161ie absencii men\u0161tru\u00e1cie Harmonizuje hormon\u00e1lny syst\u00e9m a men\u0161trua\u010dn\u00fd cyklus Prispieva k pokojn\u00e9mu priebehu men\u0161tru\u00e1cie a jej prejavov Optimalizuje psychick\u00fd stav<\/p>\n","protected":false},"featured_media":327,"comment_status":"open","ping_status":"closed","template":"","meta":[],"_links":{"self":[{"href":"http:\/\/cajovnajasminka.sk\/index.php?rest_route=\/wp\/v2\/product\/326"}],"collection":[{"href":"http:\/\/cajovnajasminka.sk\/index.php?rest_route=\/wp\/v2\/product"}],"about":[{"href":"http:\/\/cajovnajasminka.sk\/index.php?rest_route=\/wp\/v2\/types\/product"}],"replies":[{"embeddable":true,"href":"http:\/\/cajovnajasminka.sk\/index.php?rest_route=%2Fwp%2Fv2%2Fcomments&post=326"}],"wp:featuredmedia":[{"embeddable":true,"href":"http:\/\/cajovnajasminka.sk\/index.php?rest_route=\/wp\/v2\/media\/327"}],"wp:attachment":[{"href":"http:\/\/cajovnajasminka.sk\/index.php?rest_route=%2Fwp%2Fv2%2Fmedia&parent=326"}],"curies":[{"name":"wp","href":"https:\/\/api.w.org\/{rel}","templated":true}]}}