{"id":324,"date":"2017-05-02T22:36:08","date_gmt":"2017-05-02T20:36:08","guid":{"rendered":"http:\/\/cajovnajasminka.sk\/?post_type=product&#038;p=324"},"modified":"2023-01-19T10:27:36","modified_gmt":"2023-01-19T09:27:36","slug":"apana-menstruacny-cyklus","status":"publish","type":"product","link":"http:\/\/cajovnajasminka.sk\/?product=apana-menstruacny-cyklus","title":{"rendered":"Apana-men\u0161trua\u010dn\u00fd cyklus"},"content":{"rendered":"<p>Himal\u00e1jske byliny sa u\u017e po cel\u00e9 st\u00e1ro\u010dia pou\u017e\u00edvaj\u00fa k optimaliz\u00e1cii du\u0161evn\u00fdch a telesn\u00fdch funkci\u00ed organizmu. S\u00fa z\u00e1kladom tradi\u010dn\u00e9ho ajurv\u00e9dsk\u00e9ho lek\u00e1rstva, ktor\u00e9 ich pou\u017e\u00edva v mnoh\u00fdch najr\u00f4znej\u0161\u00edch kombin\u00e1ci\u00e1ch.<\/p>\n<p><strong>\u010caj\u00a0Apana priaznivo ovplyv\u0148uje \u017eensk\u00fd reproduk\u010dn\u00fd syst\u00e9m<br \/>\nPrispieva k pokojn\u00e9mu priebehu men\u0161tru\u00e1cie a jej prejavom<br \/>\nPom\u00e1ha optimalizova\u0165 men\u0161trua\u010dn\u00fd cyklus<br \/>\nHarmonizuje psychick\u00fd stav pri podr\u00e1\u017edenosti a nervozite<br \/>\nPovzbudzuje pri \u00fanave a revitalizuje organizmus<\/strong><\/p>\n<p><strong>Zlo\u017eenie :\u00a0<\/strong><\/p>\n<p>Z\u00e1zvorovn\u00edk lek\u00e1rsky &#8211; z\u00e1zvor (Zingiber origgicinalis), \u0161parg\u013ea hroznovit\u00e1 (Asparagus racemosus).<\/p>\n<p><strong>Hmotnos\u0165 :<\/strong>\u00a0100 g<\/p>\n","protected":false},"excerpt":{"rendered":"<p>Himal\u00e1jske byliny sa u\u017e po cel\u00e9 st\u00e1ro\u010dia pou\u017e\u00edvaj\u00fa k optimaliz\u00e1cii du\u0161evn\u00fdch a telesn\u00fdch funkci\u00ed organizmu. S\u00fa z\u00e1kladom tradi\u010dn\u00e9ho ajurv\u00e9dsk\u00e9ho lek\u00e1rstva, ktor\u00e9 ich pou\u017e\u00edva v mnoh\u00fdch najr\u00f4znej\u0161\u00edch kombin\u00e1ci\u00e1ch. \u010caj\u00a0Apana priaznivo ovplyv\u0148uje \u017eensk\u00fd reproduk\u010dn\u00fd syst\u00e9m Prispieva k pokojn\u00e9mu priebehu men\u0161tru\u00e1cie a jej prejavom Pom\u00e1ha optimalizova\u0165 men\u0161trua\u010dn\u00fd cyklus Harmonizuje psychick\u00fd stav pri podr\u00e1\u017edenosti a nervozite Povzbudzuje pri \u00fanave<\/p>\n","protected":false},"featured_media":325,"comment_status":"open","ping_status":"closed","template":"","meta":[],"_links":{"self":[{"href":"http:\/\/cajovnajasminka.sk\/index.php?rest_route=\/wp\/v2\/product\/324"}],"collection":[{"href":"http:\/\/cajovnajasminka.sk\/index.php?rest_route=\/wp\/v2\/product"}],"about":[{"href":"http:\/\/cajovnajasminka.sk\/index.php?rest_route=\/wp\/v2\/types\/product"}],"replies":[{"embeddable":true,"href":"http:\/\/cajovnajasminka.sk\/index.php?rest_route=%2Fwp%2Fv2%2Fcomments&post=324"}],"wp:featuredmedia":[{"embeddable":true,"href":"http:\/\/cajovnajasminka.sk\/index.php?rest_route=\/wp\/v2\/media\/325"}],"wp:attachment":[{"href":"http:\/\/cajovnajasminka.sk\/index.php?rest_route=%2Fwp%2Fv2%2Fmedia&parent=324"}],"curies":[{"name":"wp","href":"https:\/\/api.w.org\/{rel}","templated":true}]}}