{"id":315,"date":"2017-05-02T22:04:38","date_gmt":"2017-05-02T20:04:38","guid":{"rendered":"http:\/\/cajovnajasminka.sk\/?product=ashwagandha-odpocinok-a-spanok"},"modified":"2023-01-19T10:27:47","modified_gmt":"2023-01-19T09:27:47","slug":"ashwagandha-odpocinok-a-spanok","status":"publish","type":"product","link":"http:\/\/cajovnajasminka.sk\/?product=ashwagandha-odpocinok-a-spanok","title":{"rendered":"Ashwagandha-odpo\u010dinok a sp\u00e1nok"},"content":{"rendered":"<p>Himal\u00e1jske byliny sa u\u017e po cel\u00e9 st\u00e1ro\u010dia pou\u017e\u00edvaj\u00fa k optimaliz\u00e1cii du\u0161evn\u00fdch a telesn\u00fdch funkci\u00ed organizmu. S\u00fa z\u00e1kladom tradi\u010dn\u00e9ho ajurv\u00e9dsk\u00e9ho lek\u00e1rstva, ktor\u00e9 ich pou\u017e\u00edva v mnoh\u00fdch najr\u00f4znej\u0161\u00edch kombin\u00e1ci\u00e1ch.<\/p>\n<p><strong>\u010caj\u00a0Ashwagandha pom\u00e1ha so zasp\u00e1van\u00edm<br \/>\nPriaznivo p\u00f4sob\u00ed na celkov\u00e9 upokojenie, dobr\u00fd odpo\u010dinok a prirodzen\u00fd sp\u00e1nok<br \/>\nPrispieva k fyzickej i du\u0161evnej pohode<br \/>\nPrin\u00e1\u0161a uvo\u013enenie pri psychickej z\u00e1\u0165a\u017ei a nervovom nap\u00e4t\u00ed<br \/>\nPodporuje vitalitu organizmu pri slabosti, \u00fanave a vy\u010derpan\u00ed<\/strong><\/p>\n<p><strong>Zlo\u017eenie :\u00a0<\/strong><\/p>\n<p>Pupo\u010dn\u00edk \u00e1zijsk\u00fd &#8211; GotuKola (Centella asiatica), vit\u00e1nia spav\u00e1 &#8211; A\u0161vagandha (Withania somnifera), \u0161parg\u013ea hroznovit\u00e1 (Asparagus racemosus), embilika lek\u00e1rska &#8211; Amalaki (Emblica officinalis), valeri\u00e1na lek\u00e1rska (Valeriana officinalis).<\/p>\n<p><strong>Hmotnos\u0165 :<\/strong>\u00a0100 g<\/p>\n","protected":false},"excerpt":{"rendered":"<p>Himal\u00e1jske byliny sa u\u017e po cel\u00e9 st\u00e1ro\u010dia pou\u017e\u00edvaj\u00fa k optimaliz\u00e1cii du\u0161evn\u00fdch a telesn\u00fdch funkci\u00ed organizmu. S\u00fa z\u00e1kladom tradi\u010dn\u00e9ho ajurv\u00e9dsk\u00e9ho lek\u00e1rstva, ktor\u00e9 ich pou\u017e\u00edva v mnoh\u00fdch najr\u00f4znej\u0161\u00edch kombin\u00e1ci\u00e1ch. \u010caj\u00a0Ashwagandha pom\u00e1ha so zasp\u00e1van\u00edm Priaznivo p\u00f4sob\u00ed na celkov\u00e9 upokojenie, dobr\u00fd odpo\u010dinok a prirodzen\u00fd sp\u00e1nok Prispieva k fyzickej i du\u0161evnej pohode Prin\u00e1\u0161a uvo\u013enenie pri psychickej z\u00e1\u0165a\u017ei a nervovom nap\u00e4t\u00ed<\/p>\n","protected":false},"featured_media":316,"comment_status":"open","ping_status":"closed","template":"","meta":[],"_links":{"self":[{"href":"http:\/\/cajovnajasminka.sk\/index.php?rest_route=\/wp\/v2\/product\/315"}],"collection":[{"href":"http:\/\/cajovnajasminka.sk\/index.php?rest_route=\/wp\/v2\/product"}],"about":[{"href":"http:\/\/cajovnajasminka.sk\/index.php?rest_route=\/wp\/v2\/types\/product"}],"replies":[{"embeddable":true,"href":"http:\/\/cajovnajasminka.sk\/index.php?rest_route=%2Fwp%2Fv2%2Fcomments&post=315"}],"wp:featuredmedia":[{"embeddable":true,"href":"http:\/\/cajovnajasminka.sk\/index.php?rest_route=\/wp\/v2\/media\/316"}],"wp:attachment":[{"href":"http:\/\/cajovnajasminka.sk\/index.php?rest_route=%2Fwp%2Fv2%2Fmedia&parent=315"}],"curies":[{"name":"wp","href":"https:\/\/api.w.org\/{rel}","templated":true}]}}