{"id":3148,"date":"2021-02-09T17:45:50","date_gmt":"2021-02-09T16:45:50","guid":{"rendered":"http:\/\/cajovnajasminka.sk\/?post_type=product&#038;p=3148"},"modified":"2023-03-16T08:02:17","modified_gmt":"2023-03-16T07:02:17","slug":"cecko-serafin-prirodne-kapsule","status":"publish","type":"product","link":"http:\/\/cajovnajasminka.sk\/?product=cecko-serafin-prirodne-kapsule","title":{"rendered":"C\u00e9\u010dko Serafin &#8211; pr\u00edrodn\u00e9 kapsule"},"content":{"rendered":"<p><strong>Pr\u00edrodn\u00e9 bylinn\u00e9 kapsuly zostaven\u00e9 pod\u013ea origin\u00e1lnej recept\u00fary, chr\u00e1nen\u00e9 ochrannou zn\u00e1mkou, ur\u010den\u00e9 na konkr\u00e9tny probl\u00e9m: napom\u00e1haj\u00fa pri imunite, kost\u00ed, ko\u017ee, zubov, \u010fasien, \u017eeleza<\/strong><\/p>\n<p>Pr\u00edrodn\u00e9 kapsuly obsahuj\u00fa extrakt z exotick\u00e9ho ovocia Camu Camu, ktor\u00fd vynik\u00e1 svojim prirodzen\u00fdm vysok\u00fdm obsahom vitam\u00ednu C, flavonoidov, vitam\u00ednov, aminokysel\u00edn, \u017eeleza, v\u00e1pnika a drasl\u00edka. Obsah flavonoidov a aminokysel\u00edn umo\u017e\u0148uje lep\u0161ie vstreb\u00e1vanie vitam\u00ednu C organizmom.<\/p>\n<p><strong>Vitam\u00edn C<\/strong>\u00a0prispieva k:<br \/>\n\u2022 norm\u00e1lnej funkci\u00ed\u00a0<strong>imunitn\u00e9ho syst\u00e9mu<br \/>\n<\/strong>\u2022 norm\u00e1lnej tvorbe\u00a0<strong>kolag\u00e9nu<\/strong><br \/>\n\u2022 norm\u00e1lnej funkci\u00ed krvn\u00fdch\u00a0<strong>ciev, kost\u00ed, ko\u017ee a zubov<\/strong><br \/>\n\u2022 norm\u00e1lnej tvorbe kolag\u00e9nu pre norm\u00e1lnu\u00a0<strong>funkciu \u010fasien<\/strong><br \/>\n\u2022 norm\u00e1lnemu energetick\u00e9mu <strong>metabolizmu<\/strong><br \/>\n\u2022 norm\u00e1lnej \u010dinnosti\u00a0<strong>nervovej s\u00fastavy<br \/>\n<\/strong>\u2022 zvy\u0161uje\u00a0<strong>vstreb\u00e1vanie \u017eeleza<br \/>\n<\/strong><br \/>\nObsiahnut\u00e9 Camu Camu je<strong>\u00a0vo forme koncentr\u00e1tu.<br \/>\n<\/strong><br \/>\nKoncentr\u00e1t vznik\u00e1 luhovan\u00edm byliny alebo huby v luhovacom m\u00e9diu, ktor\u00fdm je naj\u010dastej\u0161ie voda. Siln\u00fd v\u00fdluh, ktor\u00fd obsahuje koncentrovan\u00fd\u00a0<strong>komplex \u00fa\u010dinn\u00fdch l\u00e1tok<\/strong>\u00a0obsiahnut\u00fdch v rastline alebo hube je \u0161peci\u00e1lnou technol\u00f3giou vysu\u0161en\u00fd na pr\u00e1\u0161ok. Tento pr\u00e1\u0161ok sa potom d\u00e1vkuje do jednotliv\u00fdch kaps\u00fal.\u00a0<strong>Koncentr\u00e1ty maj\u00fa vysok\u00fa kvalitu, vysok\u00fa vstrebate\u013enos\u0165 a s\u00fa ve\u013emi \u00fa\u010dinn\u00e9<\/strong>. Koncentr\u00e1ty obsahuj\u00fa \u010faleko viac \u00fa\u010dinn\u00fdch l\u00e1tok ako namlet\u00e1 bylina alebo huba a tie\u017e jeho vstrebate\u013enos\u0165 v organizme je ve\u013emi vysok\u00e1.<\/p>\n<p>V\u00fdrobok obsahuje byliny, ktor\u00e9 maj\u00fa<strong>\u00a0testy na \u0165a\u017ek\u00e9 kovy, pestic\u00eddy,\u00a0<\/strong>mikrobiologick\u00e9 testy, testy na r\u00e1dioaktivitu. Kapsuly Serafin s\u00fa\u00a0<strong>\u010disto pr\u00edrodn\u00e9<\/strong>\u00a0a svojou technol\u00f3giou v\u00fdroby zaru\u010duj\u00fa vysok\u00fa \u00fa\u010dinnos\u0165 a ve\u013emi dobr\u00fa vstrebate\u013enos\u0165. Kapsuly s\u00fa celul\u00f3zov\u00e9, s\u00fa rastlinn\u00e9ho p\u00f4vodu. S\u00fa vhodn\u00e9 aj\u00a0<strong>pre vegetari\u00e1nov<\/strong>.<\/p>\n<p>D\u00e1vkovanie: deti 3-9 rokov: 1 kapsula denne; deti 9-12 rokov: 2 kapsuly denne; ostatn\u00ed 2-3 kapsuly denne pred jedlom, zapi\u0165 dostato\u010dn\u00fdm mno\u017estvom vody<\/p>\n","protected":false},"excerpt":{"rendered":"<p><b>Balenie : 90 kaps\u00fal\u00a0<\/b><\/p>\n","protected":false},"featured_media":3150,"comment_status":"open","ping_status":"closed","template":"","meta":[],"_links":{"self":[{"href":"http:\/\/cajovnajasminka.sk\/index.php?rest_route=\/wp\/v2\/product\/3148"}],"collection":[{"href":"http:\/\/cajovnajasminka.sk\/index.php?rest_route=\/wp\/v2\/product"}],"about":[{"href":"http:\/\/cajovnajasminka.sk\/index.php?rest_route=\/wp\/v2\/types\/product"}],"replies":[{"embeddable":true,"href":"http:\/\/cajovnajasminka.sk\/index.php?rest_route=%2Fwp%2Fv2%2Fcomments&post=3148"}],"wp:featuredmedia":[{"embeddable":true,"href":"http:\/\/cajovnajasminka.sk\/index.php?rest_route=\/wp\/v2\/media\/3150"}],"wp:attachment":[{"href":"http:\/\/cajovnajasminka.sk\/index.php?rest_route=%2Fwp%2Fv2%2Fmedia&parent=3148"}],"curies":[{"name":"wp","href":"https:\/\/api.w.org\/{rel}","templated":true}]}}