{"id":313,"date":"2017-05-02T22:00:06","date_gmt":"2017-05-02T20:00:06","guid":{"rendered":"http:\/\/cajovnajasminka.sk\/?product=jatamansi-psychicka-relaxacia-a-dusevna-rovnovaha"},"modified":"2023-01-19T10:28:21","modified_gmt":"2023-01-19T09:28:21","slug":"jatamansi-psychicka-relaxacia-a-dusevna-rovnovaha","status":"publish","type":"product","link":"http:\/\/cajovnajasminka.sk\/?product=jatamansi-psychicka-relaxacia-a-dusevna-rovnovaha","title":{"rendered":"Jatamansi-psychick\u00e1 relax\u00e1cia a du\u0161evn\u00e1 rovnov\u00e1ha"},"content":{"rendered":"<p>Himal\u00e1jske byliny sa u\u017e po cel\u00e9 st\u00e1ro\u010dia pou\u017e\u00edvaj\u00fa k optimaliz\u00e1cii du\u0161evn\u00fdch a telesn\u00fdch funkci\u00ed organizmu. S\u00fa z\u00e1kladom tradi\u010dn\u00e9ho ajurv\u00e9dsk\u00e9ho lek\u00e1rstva, ktor\u00e9 ich pou\u017e\u00edva v mnoh\u00fdch najr\u00f4znej\u0161\u00edch kombin\u00e1ci\u00e1ch.<\/p>\n<p><strong>\u010caj Jatamansi\u00a0prispieva k psychickej relax\u00e1cii a du\u0161evnej rovnov\u00e1he<br \/>\nStimuluje \u010dinnos\u0165 mozgov\u00fdch funkci\u00ed<br \/>\nPrispieva k nervovej odolnosti a lep\u0161iemu zvl\u00e1danie stresu<br \/>\nPodporuje celkov\u00e9 upokojenie nervov\u00e9ho syst\u00e9mu<br \/>\nM\u00e1 upokojuj\u00faci \u00fa\u010dinok a optimalizuje psychick\u00fd stav<\/strong><\/p>\n<p><strong>Zlo\u017eenie :\u00a0<\/strong><\/p>\n<p>Vit\u00e1nia spav\u00e1 &#8211; A\u0161vagandha (Withania somnifera), pupo\u010dn\u00edk \u00e1zijsk\u00fd &#8211; GotuKola (Centella asiatica), chebula srd\u010dit\u00e1 \u2013 Guduchi (Tinospora cordifolia), nardovn\u00edk jatamansk\u00fd (Nardostachys jatamansi), sladovka hladkoplod\u00e1 &#8211; sladk\u00e9 drievko (Glycyrrhiza glabra), \u0161parg\u013ea hroznovit\u00e1 (Asparagus racemosus), z\u00e1zvorovn\u00edk lek\u00e1rsky &#8211; z\u00e1zvor (Zingiber origgicinalis), pueraria hliznat\u00e1 (Pueraria tuberosa), valeri\u00e1na Wallichova (Valeriana wallichii).<\/p>\n<p><strong>Hmotnos\u0165 :<\/strong>\u00a0100 g<\/p>\n","protected":false},"excerpt":{"rendered":"<p>Himal\u00e1jske byliny sa u\u017e po cel\u00e9 st\u00e1ro\u010dia pou\u017e\u00edvaj\u00fa k optimaliz\u00e1cii du\u0161evn\u00fdch a telesn\u00fdch funkci\u00ed organizmu. S\u00fa z\u00e1kladom tradi\u010dn\u00e9ho ajurv\u00e9dsk\u00e9ho lek\u00e1rstva, ktor\u00e9 ich pou\u017e\u00edva v mnoh\u00fdch najr\u00f4znej\u0161\u00edch kombin\u00e1ci\u00e1ch. \u010caj Jatamansi\u00a0prispieva k psychickej relax\u00e1cii a du\u0161evnej rovnov\u00e1he Stimuluje \u010dinnos\u0165 mozgov\u00fdch funkci\u00ed Prispieva k nervovej odolnosti a lep\u0161iemu zvl\u00e1danie stresu Podporuje celkov\u00e9 upokojenie nervov\u00e9ho syst\u00e9mu M\u00e1 upokojuj\u00faci \u00fa\u010dinok<\/p>\n","protected":false},"featured_media":314,"comment_status":"open","ping_status":"closed","template":"","meta":[],"_links":{"self":[{"href":"http:\/\/cajovnajasminka.sk\/index.php?rest_route=\/wp\/v2\/product\/313"}],"collection":[{"href":"http:\/\/cajovnajasminka.sk\/index.php?rest_route=\/wp\/v2\/product"}],"about":[{"href":"http:\/\/cajovnajasminka.sk\/index.php?rest_route=\/wp\/v2\/types\/product"}],"replies":[{"embeddable":true,"href":"http:\/\/cajovnajasminka.sk\/index.php?rest_route=%2Fwp%2Fv2%2Fcomments&post=313"}],"wp:featuredmedia":[{"embeddable":true,"href":"http:\/\/cajovnajasminka.sk\/index.php?rest_route=\/wp\/v2\/media\/314"}],"wp:attachment":[{"href":"http:\/\/cajovnajasminka.sk\/index.php?rest_route=%2Fwp%2Fv2%2Fmedia&parent=313"}],"curies":[{"name":"wp","href":"https:\/\/api.w.org\/{rel}","templated":true}]}}