{"id":307,"date":"2017-05-02T21:28:51","date_gmt":"2017-05-02T19:28:51","guid":{"rendered":"http:\/\/cajovnajasminka.sk\/?product=brahmi-povzbudenie-mozgovej-cinnosti"},"modified":"2023-01-19T10:32:08","modified_gmt":"2023-01-19T09:32:08","slug":"brahmi-povzbudenie-mozgovej-cinnosti","status":"publish","type":"product","link":"http:\/\/cajovnajasminka.sk\/?product=brahmi-povzbudenie-mozgovej-cinnosti","title":{"rendered":"Brahmi-povzbudenie mozgovej \u010dinnosti"},"content":{"rendered":"<p>Himal\u00e1jske byliny sa u\u017e po cel\u00e9 st\u00e1ro\u010dia pou\u017e\u00edvaj\u00fa k optimaliz\u00e1cii du\u0161evn\u00fdch a telesn\u00fdch funkci\u00ed organizmu. S\u00fa z\u00e1kladom tradi\u010dn\u00e9ho ajurv\u00e9dsk\u00e9ho lek\u00e1rstva, ktor\u00e9 ich pou\u017e\u00edva v mnoh\u00fdch najr\u00f4znej\u0161\u00edch kombin\u00e1ci\u00e1ch.<\/p>\n<p><strong>\u010caj Brahmi\u00a0stimuluje \u010dinnos\u0165 mozgov\u00fdch funkci\u00ed<br \/>\nOsvie\u017euje myse\u013e a zlep\u0161uje pam\u00e4\u0165<br \/>\nZvy\u0161uje pozornos\u0165 a schopnos\u0165 s\u00fastredenia<br \/>\nPovzbudzuje organizmus a odstra\u0148uje \u00fanavu<br \/>\nPosil\u0148uje nervov\u00fa odolnos\u0165 vo\u010di stresu<br \/>\nPom\u00e1ha udr\u017eiava\u0165 du\u0161evn\u00fa rovnov\u00e1hu<\/strong><\/p>\n<p><strong>Zlo\u017eenie :\u00a0<\/strong><\/p>\n<p>Sladovka hladkoplod\u00e1 &#8211; sladk\u00e9 drievko (Glycyrrhiza glabra), pupo\u010dn\u00edk \u00e1zijsk\u00fd &#8211; GotuKola (Centella asiatica), vit\u00e1nia spav\u00e1 &#8211; A\u0161vagandha (Withania somnifera), citr\u00f3nov\u00e1 tr\u00e1va (cymbopogon citratus), santal \u010derven\u00fd (Pterocarpus santilanum), z\u00e1zvorovn\u00edk lek\u00e1rsky &#8211; z\u00e1zvor (Zingiber origgicinalis), bazalka sv\u00e4t\u00e1 (Ocimum tenuiflorum), \u0161koricovn\u00edk tamala (Cinnamomum tamala), \u0161koricovn\u00edk cejl\u00f3nsky (Cinnamomum zeylanicum).<\/p>\n<p><strong>Hmotnos\u0165 :<\/strong>\u00a0100 g<\/p>\n","protected":false},"excerpt":{"rendered":"<p>Himal\u00e1jske byliny sa u\u017e po cel\u00e9 st\u00e1ro\u010dia pou\u017e\u00edvaj\u00fa k optimaliz\u00e1cii du\u0161evn\u00fdch a telesn\u00fdch funkci\u00ed organizmu. S\u00fa z\u00e1kladom tradi\u010dn\u00e9ho ajurv\u00e9dsk\u00e9ho lek\u00e1rstva, ktor\u00e9 ich pou\u017e\u00edva v mnoh\u00fdch najr\u00f4znej\u0161\u00edch kombin\u00e1ci\u00e1ch. \u010caj Brahmi\u00a0stimuluje \u010dinnos\u0165 mozgov\u00fdch funkci\u00ed Osvie\u017euje myse\u013e a zlep\u0161uje pam\u00e4\u0165 Zvy\u0161uje pozornos\u0165 a schopnos\u0165 s\u00fastredenia Povzbudzuje organizmus a odstra\u0148uje \u00fanavu Posil\u0148uje nervov\u00fa odolnos\u0165 vo\u010di stresu Pom\u00e1ha udr\u017eiava\u0165 du\u0161evn\u00fa<\/p>\n","protected":false},"featured_media":308,"comment_status":"open","ping_status":"closed","template":"","meta":[],"_links":{"self":[{"href":"http:\/\/cajovnajasminka.sk\/index.php?rest_route=\/wp\/v2\/product\/307"}],"collection":[{"href":"http:\/\/cajovnajasminka.sk\/index.php?rest_route=\/wp\/v2\/product"}],"about":[{"href":"http:\/\/cajovnajasminka.sk\/index.php?rest_route=\/wp\/v2\/types\/product"}],"replies":[{"embeddable":true,"href":"http:\/\/cajovnajasminka.sk\/index.php?rest_route=%2Fwp%2Fv2%2Fcomments&post=307"}],"wp:featuredmedia":[{"embeddable":true,"href":"http:\/\/cajovnajasminka.sk\/index.php?rest_route=\/wp\/v2\/media\/308"}],"wp:attachment":[{"href":"http:\/\/cajovnajasminka.sk\/index.php?rest_route=%2Fwp%2Fv2%2Fmedia&parent=307"}],"curies":[{"name":"wp","href":"https:\/\/api.w.org\/{rel}","templated":true}]}}