{"id":305,"date":"2017-05-02T21:19:19","date_gmt":"2017-05-02T19:19:19","guid":{"rendered":"http:\/\/cajovnajasminka.sk\/?product=vidanga-redukcna-dieta"},"modified":"2023-01-19T10:32:23","modified_gmt":"2023-01-19T09:32:23","slug":"vidanga-redukcna-dieta","status":"publish","type":"product","link":"http:\/\/cajovnajasminka.sk\/?product=vidanga-redukcna-dieta","title":{"rendered":"Vidanga-reduk\u010dn\u00e1 di\u00e9ta"},"content":{"rendered":"<p>Himal\u00e1jske byliny sa u\u017e po cel\u00e9 st\u00e1ro\u010dia pou\u017e\u00edvaj\u00fa k optimaliz\u00e1cii du\u0161evn\u00fdch a telesn\u00fdch funkci\u00ed organizmu. S\u00fa z\u00e1kladom tradi\u010dn\u00e9ho ajurv\u00e9dsk\u00e9ho lek\u00e1rstva, ktor\u00e9 ich pou\u017e\u00edva v mnoh\u00fdch najr\u00f4znej\u0161\u00edch kombin\u00e1ci\u00e1ch.<\/p>\n<p><strong>\u010caj\u00a0Vidanga prispieva k redukcii telesnej hmotnosti<br \/>\nP\u00f4sob\u00ed optim\u00e1lne na metabolizmus cukrov a<br \/>\nZni\u017euje chu\u0165 do jedla a pom\u00e1ha vylu\u010dovaniu vody<br \/>\nPodporuje \u010dinnos\u0165 pe\u010dene a odb\u00faravanie tukov<\/strong><\/p>\n<p><strong>Zlo\u017eenie :\u00a0<\/strong><\/p>\n<p>Arjuna (Terminalia arjuna), oman prav\u00fd (Inula helenium), Vidanga (Embelia ribes) plod.<\/p>\n<p><strong>Hmotnos\u0165 :<\/strong>\u00a0100 g<\/p>\n","protected":false},"excerpt":{"rendered":"<p>Himal\u00e1jske byliny sa u\u017e po cel\u00e9 st\u00e1ro\u010dia pou\u017e\u00edvaj\u00fa k optimaliz\u00e1cii du\u0161evn\u00fdch a telesn\u00fdch funkci\u00ed organizmu. S\u00fa z\u00e1kladom tradi\u010dn\u00e9ho ajurv\u00e9dsk\u00e9ho lek\u00e1rstva, ktor\u00e9 ich pou\u017e\u00edva v mnoh\u00fdch najr\u00f4znej\u0161\u00edch kombin\u00e1ci\u00e1ch. \u010caj\u00a0Vidanga prispieva k redukcii telesnej hmotnosti P\u00f4sob\u00ed optim\u00e1lne na metabolizmus cukrov a Zni\u017euje chu\u0165 do jedla a pom\u00e1ha vylu\u010dovaniu vody Podporuje \u010dinnos\u0165 pe\u010dene a odb\u00faravanie tukov Zlo\u017eenie :\u00a0<\/p>\n","protected":false},"featured_media":306,"comment_status":"open","ping_status":"closed","template":"","meta":[],"_links":{"self":[{"href":"http:\/\/cajovnajasminka.sk\/index.php?rest_route=\/wp\/v2\/product\/305"}],"collection":[{"href":"http:\/\/cajovnajasminka.sk\/index.php?rest_route=\/wp\/v2\/product"}],"about":[{"href":"http:\/\/cajovnajasminka.sk\/index.php?rest_route=\/wp\/v2\/types\/product"}],"replies":[{"embeddable":true,"href":"http:\/\/cajovnajasminka.sk\/index.php?rest_route=%2Fwp%2Fv2%2Fcomments&post=305"}],"wp:featuredmedia":[{"embeddable":true,"href":"http:\/\/cajovnajasminka.sk\/index.php?rest_route=\/wp\/v2\/media\/306"}],"wp:attachment":[{"href":"http:\/\/cajovnajasminka.sk\/index.php?rest_route=%2Fwp%2Fv2%2Fmedia&parent=305"}],"curies":[{"name":"wp","href":"https:\/\/api.w.org\/{rel}","templated":true}]}}