{"id":303,"date":"2017-05-02T21:14:59","date_gmt":"2017-05-02T19:14:59","guid":{"rendered":"http:\/\/cajovnajasminka.sk\/?product=kantakari-zuby-a-dasna"},"modified":"2023-01-19T10:32:37","modified_gmt":"2023-01-19T09:32:37","slug":"kantakari-zuby-a-dasna","status":"publish","type":"product","link":"http:\/\/cajovnajasminka.sk\/?product=kantakari-zuby-a-dasna","title":{"rendered":"Kantakari-zuby a \u010fasn\u00e1"},"content":{"rendered":"<p>Himal\u00e1jske byliny sa u\u017e po cel\u00e9 st\u00e1ro\u010dia pou\u017e\u00edvaj\u00fa k optimaliz\u00e1cii du\u0161evn\u00fdch a telesn\u00fdch funkci\u00ed organizmu. S\u00fa z\u00e1kladom tradi\u010dn\u00e9ho ajurv\u00e9dsk\u00e9ho lek\u00e1rstva, ktor\u00e9 ich pou\u017e\u00edva v mnoh\u00fdch najr\u00f4znej\u0161\u00edch kombin\u00e1ci\u00e1ch.<\/p>\n<p><strong>\u010caj Kantakari p\u00f4sob\u00ed priaznivo na ochranu zubov<br \/>\nPom\u00e1ha pri z\u00e1paloch \u010fasien<br \/>\nPodporuje o\u010distu \u00fastnej dutiny<br \/>\nPrispieva k upokojeniu podr\u00e1\u017eden\u00fdch hlavov\u00fdch nervov<br \/>\nP\u00f4sob\u00ed ako antioxidant a posil\u0148uje imunitn\u00fd syst\u00e9m<br \/>\n<\/strong><\/p>\n<p><strong>Vhodn\u00fd k pravideln\u00e9mu vyplachovaniu \u00fastnej dutiny\u00a0<\/strong><\/p>\n<p><strong>Zlo\u017eenie :\u00a0<\/strong><\/p>\n<p>Embilika lek\u00e1rska &#8211; Amalaki (Emblica officinalis), Vibhitaka (Terminalia bellirica), Haritaki (Terminalia chebula), z\u00e1zvorovn\u00edk lek\u00e1rsky &#8211; z\u00e1zvor (Zingiber origgicinalis), Vidanga (Embelia ribes), m\u00e4ta po\u013en\u00e1 (Mentha arvensis), kurkumovn\u00edk dlh\u00fd (Curcuma longa), pupo\u010dn\u00edk \u00e1zijsk\u00fd &#8211; GotuKola (Centella asiatica), bazalka sv\u00e4t\u00e1 (Ocimum tenuiflorum).<\/p>\n<p><strong>Hmotnos\u0165 :<\/strong>\u00a0100 g<\/p>\n","protected":false},"excerpt":{"rendered":"<p>Himal\u00e1jske byliny sa u\u017e po cel\u00e9 st\u00e1ro\u010dia pou\u017e\u00edvaj\u00fa k optimaliz\u00e1cii du\u0161evn\u00fdch a telesn\u00fdch funkci\u00ed organizmu. S\u00fa z\u00e1kladom tradi\u010dn\u00e9ho ajurv\u00e9dsk\u00e9ho lek\u00e1rstva, ktor\u00e9 ich pou\u017e\u00edva v mnoh\u00fdch najr\u00f4znej\u0161\u00edch kombin\u00e1ci\u00e1ch. \u010caj Kantakari p\u00f4sob\u00ed priaznivo na ochranu zubov Pom\u00e1ha pri z\u00e1paloch \u010fasien Podporuje o\u010distu \u00fastnej dutiny Prispieva k upokojeniu podr\u00e1\u017eden\u00fdch hlavov\u00fdch nervov P\u00f4sob\u00ed ako antioxidant a posil\u0148uje imunitn\u00fd syst\u00e9m<\/p>\n","protected":false},"featured_media":304,"comment_status":"open","ping_status":"closed","template":"","meta":[],"_links":{"self":[{"href":"http:\/\/cajovnajasminka.sk\/index.php?rest_route=\/wp\/v2\/product\/303"}],"collection":[{"href":"http:\/\/cajovnajasminka.sk\/index.php?rest_route=\/wp\/v2\/product"}],"about":[{"href":"http:\/\/cajovnajasminka.sk\/index.php?rest_route=\/wp\/v2\/types\/product"}],"replies":[{"embeddable":true,"href":"http:\/\/cajovnajasminka.sk\/index.php?rest_route=%2Fwp%2Fv2%2Fcomments&post=303"}],"wp:featuredmedia":[{"embeddable":true,"href":"http:\/\/cajovnajasminka.sk\/index.php?rest_route=\/wp\/v2\/media\/304"}],"wp:attachment":[{"href":"http:\/\/cajovnajasminka.sk\/index.php?rest_route=%2Fwp%2Fv2%2Fmedia&parent=303"}],"curies":[{"name":"wp","href":"https:\/\/api.w.org\/{rel}","templated":true}]}}