{"id":3013,"date":"2020-04-25T22:49:22","date_gmt":"2020-04-25T20:49:22","guid":{"rendered":"http:\/\/cajovnajasminka.sk\/?post_type=product&#038;p=3013"},"modified":"2020-04-25T22:52:04","modified_gmt":"2020-04-25T20:52:04","slug":"moringa-bylinny-caj-z-listov-stromu","status":"publish","type":"product","link":"http:\/\/cajovnajasminka.sk\/?product=moringa-bylinny-caj-z-listov-stromu","title":{"rendered":"Moringa, bylinn\u00fd \u010daj z listov stromu"},"content":{"rendered":"<p><strong>\u010cerstv\u00fd bylinn\u00fd \u010daj Moringa, p\u00f4vodom z Indie je tak lahodn\u00fd svojou sladkastou bylinkovou medovo-orie\u0161kovou chu\u0165ou, ako aj zdraviu ve\u013emi prospe\u0161n\u00fd. Z vo\u013ene dostupn\u00fdch zdrojov je mo\u017en\u00e9 vy\u010d\u00edta\u0165 o tomto tzv. z\u00e1zra\u010dnom strome \u017eivota mno\u017estvo pozit\u00edvnych \u00fa\u010dinkov na zdravie, od posilnenia imunity a vitality, obohatenie organizmu mno\u017estvom miner\u00e1lov, vitam\u00ednov a antioxidantov ako aj schopnos\u0165 napom\u00e1ha\u0165 pri uzdraven\u00ed z r\u00f4znych civiliza\u010dn\u00fdch ochoren\u00ed (kardiovaskul\u00e1rne, tr\u00e1viace, probl\u00e9my so sp\u00e1nkom, \u00faprava hladiny cholesterolu a cukru v krvi a mno\u017estvo \u010fal\u0161\u00edch)<\/strong><\/p>\n<p><strong>Pr\u00edprava :<\/strong> 1 \u010dajov\u00fa ly\u017ei\u010dku na 1 \u0161\u00e1lku zalejte vodou o teplote 90\u00b0C, vyl\u00fahujte 6-10 min. Tento bylinn\u00fd \u010daj neobsahuje kofe\u00edn a je vhodn\u00fd aj pre deti a doj\u010diace mami\u010dky na zv\u00fd\u0161enie tvorby matersk\u00e9ho mlieka<\/p>\n<p><strong>Zlo\u017eenie :<\/strong> dami\u00e1na list<\/p>\n<p>Skladujte na suchom, temnom mieste<\/p>\n<p><strong>Obsah balenia : 25g<\/strong><\/p>\n","protected":false},"excerpt":{"rendered":"<p><strong>Obsah balenia : 25g<\/strong><\/p>\n","protected":false},"featured_media":3014,"comment_status":"open","ping_status":"closed","template":"","meta":[],"_links":{"self":[{"href":"http:\/\/cajovnajasminka.sk\/index.php?rest_route=\/wp\/v2\/product\/3013"}],"collection":[{"href":"http:\/\/cajovnajasminka.sk\/index.php?rest_route=\/wp\/v2\/product"}],"about":[{"href":"http:\/\/cajovnajasminka.sk\/index.php?rest_route=\/wp\/v2\/types\/product"}],"replies":[{"embeddable":true,"href":"http:\/\/cajovnajasminka.sk\/index.php?rest_route=%2Fwp%2Fv2%2Fcomments&post=3013"}],"wp:featuredmedia":[{"embeddable":true,"href":"http:\/\/cajovnajasminka.sk\/index.php?rest_route=\/wp\/v2\/media\/3014"}],"wp:attachment":[{"href":"http:\/\/cajovnajasminka.sk\/index.php?rest_route=%2Fwp%2Fv2%2Fmedia&parent=3013"}],"curies":[{"name":"wp","href":"https:\/\/api.w.org\/{rel}","templated":true}]}}