{"id":301,"date":"2017-05-02T21:10:51","date_gmt":"2017-05-02T19:10:51","guid":{"rendered":"http:\/\/cajovnajasminka.sk\/?product=kudzu-posilnenie-svalstva"},"modified":"2023-01-19T10:32:53","modified_gmt":"2023-01-19T09:32:53","slug":"kudzu-posilnenie-svalstva","status":"publish","type":"product","link":"http:\/\/cajovnajasminka.sk\/?product=kudzu-posilnenie-svalstva","title":{"rendered":"Kudzu-posilnenie svalstva"},"content":{"rendered":"<p>Himal\u00e1jske byliny sa u\u017e po cel\u00e9 st\u00e1ro\u010dia pou\u017e\u00edvaj\u00fa k optimaliz\u00e1cii du\u0161evn\u00fdch a telesn\u00fdch funkci\u00ed organizmu. S\u00fa z\u00e1kladom tradi\u010dn\u00e9ho ajurv\u00e9dsk\u00e9ho lek\u00e1rstva, ktor\u00e9 ich pou\u017e\u00edva v mnoh\u00fdch najr\u00f4znej\u0161\u00edch kombin\u00e1ci\u00e1ch.<\/p>\n<p><strong>\u010caj\u00a0Kudzu prispieva k posilneniu svalstva<br \/>\nPodporuje toniz\u00e1ciu svalov\u00e9ho<br \/>\nPom\u00e1ha budova\u0165 svalov\u00fa hmotu<br \/>\nP\u00f4sob\u00ed ako povzbudzuj\u00face tonikum a zdroj energie<br \/>\nPosil\u0148uje odolnos\u0165 a vitalitu organizmu<br \/>\n<\/strong><\/p>\n<p><strong>Zlo\u017eenie :\u00a0<\/strong><\/p>\n<p>Tinospora cordifolia (chebula srd\u010dit\u00e1), cyperus rotundus (\u0161achor jedl\u00fd), pueraria lobata (kudzu), tribulus terrestris (kotvi\u010dn\u00edk zemn\u00fd), cinnamomum tamala (\u0161koricovn\u00edk tamala), emblica officinalis (Amalaki), glycyrrhiza glabra (sladk\u00e9 drievko), withania somnifera (vit\u00e1nia spav\u00e1 \u2013 indick\u00fd \u017een\u0161en), asparagus racemosus (\u0161parg\u013ea hroznovit\u00e1).<\/p>\n<p><strong>Hmotnos\u0165 :<\/strong>\u00a0100 g<\/p>\n","protected":false},"excerpt":{"rendered":"<p>Himal\u00e1jske byliny sa u\u017e po cel\u00e9 st\u00e1ro\u010dia pou\u017e\u00edvaj\u00fa k optimaliz\u00e1cii du\u0161evn\u00fdch a telesn\u00fdch funkci\u00ed organizmu. S\u00fa z\u00e1kladom tradi\u010dn\u00e9ho ajurv\u00e9dsk\u00e9ho lek\u00e1rstva, ktor\u00e9 ich pou\u017e\u00edva v mnoh\u00fdch najr\u00f4znej\u0161\u00edch kombin\u00e1ci\u00e1ch. \u010caj\u00a0Kudzu prispieva k posilneniu svalstva Podporuje toniz\u00e1ciu svalov\u00e9ho Pom\u00e1ha budova\u0165 svalov\u00fa hmotu P\u00f4sob\u00ed ako povzbudzuj\u00face tonikum a zdroj energie Posil\u0148uje odolnos\u0165 a vitalitu organizmu Zlo\u017eenie :\u00a0 Tinospora cordifolia<\/p>\n","protected":false},"featured_media":302,"comment_status":"open","ping_status":"closed","template":"","meta":[],"_links":{"self":[{"href":"http:\/\/cajovnajasminka.sk\/index.php?rest_route=\/wp\/v2\/product\/301"}],"collection":[{"href":"http:\/\/cajovnajasminka.sk\/index.php?rest_route=\/wp\/v2\/product"}],"about":[{"href":"http:\/\/cajovnajasminka.sk\/index.php?rest_route=\/wp\/v2\/types\/product"}],"replies":[{"embeddable":true,"href":"http:\/\/cajovnajasminka.sk\/index.php?rest_route=%2Fwp%2Fv2%2Fcomments&post=301"}],"wp:featuredmedia":[{"embeddable":true,"href":"http:\/\/cajovnajasminka.sk\/index.php?rest_route=\/wp\/v2\/media\/302"}],"wp:attachment":[{"href":"http:\/\/cajovnajasminka.sk\/index.php?rest_route=%2Fwp%2Fv2%2Fmedia&parent=301"}],"curies":[{"name":"wp","href":"https:\/\/api.w.org\/{rel}","templated":true}]}}