{"id":3007,"date":"2020-04-25T22:20:39","date_gmt":"2020-04-25T20:20:39","guid":{"rendered":"http:\/\/cajovnajasminka.sk\/?post_type=product&#038;p=3007"},"modified":"2020-04-25T22:25:45","modified_gmt":"2020-04-25T20:25:45","slug":"gunpowder-special-perlovy-zeleny-caj-pusny-prach","status":"publish","type":"product","link":"http:\/\/cajovnajasminka.sk\/?product=gunpowder-special-perlovy-zeleny-caj-pusny-prach","title":{"rendered":"Gunpowder Special &#8211; Perlov\u00fd zelen\u00fd \u010daj &#8222;Pu\u0161n\u00fd prach&#8220;"},"content":{"rendered":"<p><strong>Zelen\u00fd \u010daj presl\u00e1ven\u00fd svojim origin\u00e1lnym tvarom, po spracovan\u00ed zavinut\u00fd do \u010dierno zelen\u00fdch zrniek. V\u010faka tomu si udr\u017eiava odolnos\u0165 vo\u010di starnutiu a vstreb\u00e1vaniu cudz\u00edch pachov, \u010do ho predur\u010dilo sta\u0165 sa hlavn\u00fdm v\u00fdvozn\u00fdm druhom spomedzi \u010d\u00ednskych \u010dajov. N\u00e1lev \u017elto zelenej farby, pr\u00edjemnej ostrej horko sladkej, mierne dymovej chuti, dlho pretrv\u00e1va na jazyku. Pre vysok\u00fd obsah fluoridov je doporu\u010den\u00fd ako prevencia proti zubn\u00e9mu kazu. Znamenit\u00fd n\u00e1poj na povzbudenie organizmu<\/strong><\/p>\n<p><strong>\u010c\u00ednsky \u010daj Gunpowder je zn\u00e1my mno\u017estvom pozit\u00edvnych zdravotn\u00fdch \u00fa\u010dinkov:<\/strong><\/p>\n<ul>\n<li>posil\u0148uje koncentr\u00e1ciu, du\u0161evn\u00fa v\u00fdkonnos\u0165 a motiv\u00e1ciu k v\u00fdkonom (pri \u0161porte), obsahuje kofe\u00edn<\/li>\n<li>zlep\u0161uje schopnos\u0165 u\u010di\u0165 sa<\/li>\n<li>p\u00f4sob\u00ed proti depresi\u00e1m, zni\u017euje mno\u017estvo stresov\u00fdch sympt\u00f3mov<\/li>\n<li>m\u00e1 vysok\u00fd obsah vitam\u00ednov a miner\u00e1lov<\/li>\n<li>mierni \u017eal\u00fado\u010dn\u00e9 a \u010drevn\u00e9 probl\u00e9my<\/li>\n<li>podporuje tr\u00e1venie<\/li>\n<li>zni\u017euje hladinu cholesterolu<\/li>\n<li>zni\u017euje hladinu cukru v krvi u diabetikov<\/li>\n<li>zmier\u0148uje otravy sp\u00f4soben\u00e9 potravinami<\/li>\n<li>tvor\u00ed a\u017e do dne\u0161nej doby najlep\u0161iu ochranu proti najr\u00f4znej\u0161\u00edm rizik\u00e1m rakoviny (Dr.Fujiki)<\/li>\n<li>zni\u017euje riziko tromb\u00f3zy a m\u0155tvice<\/li>\n<li>posil\u0148uje cievy<\/li>\n<li>posil\u0148uje srdce a krvn\u00fd obeh, zni\u017euje riziko srdcov\u00fdch chor\u00f4b<\/li>\n<li>br\u00e1ni vzniku arterioskler\u00f3zy a napom\u00e1ha lie\u010denie<\/li>\n<li>upravuje \u010dinnos\u0165 \u0161t\u00edtnej \u017e\u013eazy<\/li>\n<li>p\u00f4sob\u00ed proti vzniku reumatizmu<\/li>\n<li>br\u00e1ni tvorbe obli\u010dkov\u00fdch a \u017el\u010dn\u00edkov\u00fdch kame\u0148ov<\/li>\n<li>zabra\u0148uje z\u00e1palom<\/li>\n<li>m\u00e1 antibakteri\u00e1lny \u00fa\u010dinok<\/li>\n<li>je prevenciou proti v\u00edrusom<\/li>\n<li>povzbudzuje prekrvenie a regener\u00e1ciu ko\u017ee<\/li>\n<li>br\u00e1ni vzniku zubn\u00e9ho kazu, chr\u00e1ni zubn\u00fa sklovinu<\/li>\n<li>od\u010fa\u013euje starnutie<\/li>\n<li>m\u00e1 diuretick\u00e9 \u00fa\u010dinky \u2013 je mo\u010dopudn\u00fd, zbavuje telo jedov<\/li>\n<li>chov\u00e1 sa ako antioxidant<\/li>\n<li>osvie\u017euje telo a zbavuje ho nap\u00e4tia<\/li>\n<li>te\u00edn v \u010daji podporuje \u010dinnos\u0165 centr\u00e1lnej nervovej s\u00fastavy<\/li>\n<li>neutralizuje \u0161kodliv\u00e9 vplyvy \u017eiarenia (\u013eudia, ktor\u00ed tr\u00e1via ve\u013ea \u010dasu pred obrazovkou, by ho mali pravidelne pi\u0165)<br \/>\nje silne alkalick\u00fdm n\u00e1pojom, ktor\u00fd p\u00f4sob\u00ed proti prekysleniu<\/li>\n<\/ul>\n<p><strong>Pr\u00edprava :<\/strong> Vodou s teplotou 70 \u00b0 C zalejeme \u010daj v pomere 1 \u010dajov\u00e1 ly\u017ei\u010dka na 2-3 dl vody, ak \u010daj l\u00fahujete v kanvici, potom naviac pridajte 1 ly\u017ei\u010dku \u010daju. Ponechajte 1-2 min\u00faty l\u00fahova\u0165 Potom prece\u010fte. Mo\u017eno pripravi\u0165 viac n\u00e1levov.\u010eal\u0161\u00ed n\u00e1lev zalievame e\u0161te ke\u010f s\u00fa l\u00edstky tepl\u00e9 a nech\u00e1me ich l\u00fahova\u0165 v\u017edy pribli\u017ene o 2 min\u00faty dlh\u0161ie<\/p>\n<p><strong>Krajina p\u00f4vodu:<\/strong>\u00a0\u010c\u00edna<\/p>\n<p>Skladujte na suchom, temnom mieste.<\/p>\n<p><strong>Obsah balenia : 125g<\/strong><\/p>\n","protected":false},"excerpt":{"rendered":"<p><strong>Obsah balenia : 125g<\/strong><\/p>\n","protected":false},"featured_media":3008,"comment_status":"open","ping_status":"closed","template":"","meta":[],"_links":{"self":[{"href":"http:\/\/cajovnajasminka.sk\/index.php?rest_route=\/wp\/v2\/product\/3007"}],"collection":[{"href":"http:\/\/cajovnajasminka.sk\/index.php?rest_route=\/wp\/v2\/product"}],"about":[{"href":"http:\/\/cajovnajasminka.sk\/index.php?rest_route=\/wp\/v2\/types\/product"}],"replies":[{"embeddable":true,"href":"http:\/\/cajovnajasminka.sk\/index.php?rest_route=%2Fwp%2Fv2%2Fcomments&post=3007"}],"wp:featuredmedia":[{"embeddable":true,"href":"http:\/\/cajovnajasminka.sk\/index.php?rest_route=\/wp\/v2\/media\/3008"}],"wp:attachment":[{"href":"http:\/\/cajovnajasminka.sk\/index.php?rest_route=%2Fwp%2Fv2%2Fmedia&parent=3007"}],"curies":[{"name":"wp","href":"https:\/\/api.w.org\/{rel}","templated":true}]}}