{"id":3004,"date":"2020-04-25T22:12:19","date_gmt":"2020-04-25T20:12:19","guid":{"rendered":"http:\/\/cajovnajasminka.sk\/?post_type=product&#038;p=3004"},"modified":"2020-04-25T22:18:15","modified_gmt":"2020-04-25T20:18:15","slug":"mata-marocka-vnat","status":"publish","type":"product","link":"http:\/\/cajovnajasminka.sk\/?product=mata-marocka-vnat","title":{"rendered":"M\u00e4ta marock\u00e1 (v\u0148a\u0165)"},"content":{"rendered":"<p><strong>Marock\u00e1 m\u00e4ta sa odpor\u00fa\u010da pri v\u0161etk\u00fdch druhoch \u017eal\u00fado\u010dn\u00fdch probl\u00e9moch, uvo\u013e\u0148uje k\u0155\u010de, zlep\u0161uje \u017eal\u00fado\u010dn\u00fa nevo\u013enos\u0165 pri opici, zastavuje zvracanie, je vhodn\u00e1 na koliky a choroby \u010driev, zlep\u0161uje chu\u0165 k jedlu, t\u00ed\u0161i boles\u0165 pri podr\u00e1\u017edenom \u017el\u010dn\u00edku \u010di \u017el\u010dov\u00fdch kame\u0148och, celkovo zlep\u0161uje vylu\u010dovanie \u017el\u010de a posil\u0148uje cel\u00fa nervov\u00fa s\u00fastavu, m\u00e1 mierne afrodiziak\u00e1lne \u00fa\u010dinky<\/strong><\/p>\n<p><strong>Pr\u00edprava :<\/strong> 1-2 \u010dajov\u00e9 ly\u017ei\u010dky\u00a0\u010daju zalejeme 3 dl vriacej\u00a0vody, nech\u00e1me 5-10 min\u00fat l\u00fahova\u0165, po preceden\u00ed pod\u00e1vame. Odpor\u00fa\u010da sa pi\u0165\u00a02-3x denne<\/p>\n<p><strong>Zlo\u017eenie :<\/strong> M\u00e4ta marock\u00e1 (v\u0148a\u0165)<\/p>\n<p>Skladujte na suchom, temnom mieste<\/p>\n<p><strong>Obsah balenia : 40g<\/strong><\/p>\n","protected":false},"excerpt":{"rendered":"<p><strong>Obsah balenia : 40g<\/strong><\/p>\n","protected":false},"featured_media":3006,"comment_status":"open","ping_status":"closed","template":"","meta":[],"_links":{"self":[{"href":"http:\/\/cajovnajasminka.sk\/index.php?rest_route=\/wp\/v2\/product\/3004"}],"collection":[{"href":"http:\/\/cajovnajasminka.sk\/index.php?rest_route=\/wp\/v2\/product"}],"about":[{"href":"http:\/\/cajovnajasminka.sk\/index.php?rest_route=\/wp\/v2\/types\/product"}],"replies":[{"embeddable":true,"href":"http:\/\/cajovnajasminka.sk\/index.php?rest_route=%2Fwp%2Fv2%2Fcomments&post=3004"}],"wp:featuredmedia":[{"embeddable":true,"href":"http:\/\/cajovnajasminka.sk\/index.php?rest_route=\/wp\/v2\/media\/3006"}],"wp:attachment":[{"href":"http:\/\/cajovnajasminka.sk\/index.php?rest_route=%2Fwp%2Fv2%2Fmedia&parent=3004"}],"curies":[{"name":"wp","href":"https:\/\/api.w.org\/{rel}","templated":true}]}}