{"id":3003,"date":"2020-04-25T22:12:17","date_gmt":"2020-04-25T20:12:17","guid":{"rendered":"http:\/\/cajovnajasminka.sk\/?post_type=product&#038;p=3003"},"modified":"2020-12-11T21:30:16","modified_gmt":"2020-12-11T20:30:16","slug":"mate-lemon","status":"publish","type":"product","link":"http:\/\/cajovnajasminka.sk\/?product=mate-lemon","title":{"rendered":"Mate Lemon"},"content":{"rendered":"<p><strong>T\u00e1to tradi\u010dn\u00e1 bylina z Ju\u017enej Ameriky\u00a0si na\u0161la cestu do\u00a0Eur\u00f3py a\u017e v posledn\u00fdch rokoch. N\u00e1lev sa m\u00f4\u017ee konzumova\u0165 hor\u00faci alebo studen\u00fd. Obsah kofe\u00ednu je 6,5%, \u010do je asi o 1,5% viac ne\u017e v k\u00e1ve alebo \u010daji<\/strong><\/p>\n<p><strong>Pr\u00edprava :<\/strong> K tradi\u010dnej pr\u00edprave Mate\u00a0potrebujeme kalabasu (n\u00e1doba z vysu\u0161enej tekvice) a bombilu (kovov\u00e1 slamka). Pred prv\u00fdm pou\u017eit\u00edm treba kalabasu vypl\u00e1chnu\u0165 a vysu\u0161i\u0165. Napl\u0148te kalabasu do dvoch tret\u00edn l\u00edstkami mat\u00e9. N\u00e1dobku naklo\u0148te tak, aby sa mat\u00e9 zosypalo na jednu stranu. Do pr\u00e1zdneho priestoru nalejte studen\u00fa vodu, presne to\u013eko, aby sa ponorili v\u0161etky l\u00edstky mat\u00e9. N\u00e1dobku nechajte chv\u00ed\u013eu naklonen\u00fa, aby mat\u00e9 mohlo absorbova\u0165 v\u0161etku vodu. Palcom na vrchu uzavrite bombilu a vlo\u017ete ju do vo\u013en\u00e9ho priestoru v kalabase. Zalejte hor\u00facou vodou 90 \u2013 95 stup\u0148ovou (nesmie sa vari\u0165) a lejte do vo\u013en\u00e9ho priestoru kalabasy, a\u017e po jej okraj. \u010caj by ste nemali mie\u0161a\u0165, aby sa neupchali dierky v bombile. (Prv\u00fd n\u00e1lev je ve\u013emi siln\u00fd. M\u00f4\u017eete ho vylia\u0165 a pi\u0165 a\u017e ten \u010fal\u0161\u00ed). Vypite \u010daj a pridajte \u010fal\u0161iu hor\u00facu vodu. A znovu pite. Vodu prid\u00e1vajte tak dlho, do kedy v\u00e1m \u010daj chut\u00ed. Vhodn\u00fdch je pribli\u017ene 6-7 d\u00e1vok<\/p>\n<p><strong>Zlo\u017eenie :<\/strong> Mate Green,\u00a0citr\u00f3nov\u00e1 tr\u00e1va, ar\u00f3ma<\/p>\n<p><strong>Krajina p\u00f4vodu :<\/strong> Argent\u00edna<\/p>\n<p>Skladujte na suchom, temnom mieste<\/p>\n<p><strong>Obsah balenia : 50g<\/strong><\/p>\n","protected":false},"excerpt":{"rendered":"<p><strong>Obsah balenia : 50g<\/strong><\/p>\n","protected":false},"featured_media":3005,"comment_status":"open","ping_status":"closed","template":"","meta":[],"_links":{"self":[{"href":"http:\/\/cajovnajasminka.sk\/index.php?rest_route=\/wp\/v2\/product\/3003"}],"collection":[{"href":"http:\/\/cajovnajasminka.sk\/index.php?rest_route=\/wp\/v2\/product"}],"about":[{"href":"http:\/\/cajovnajasminka.sk\/index.php?rest_route=\/wp\/v2\/types\/product"}],"replies":[{"embeddable":true,"href":"http:\/\/cajovnajasminka.sk\/index.php?rest_route=%2Fwp%2Fv2%2Fcomments&post=3003"}],"wp:featuredmedia":[{"embeddable":true,"href":"http:\/\/cajovnajasminka.sk\/index.php?rest_route=\/wp\/v2\/media\/3005"}],"wp:attachment":[{"href":"http:\/\/cajovnajasminka.sk\/index.php?rest_route=%2Fwp%2Fv2%2Fmedia&parent=3003"}],"curies":[{"name":"wp","href":"https:\/\/api.w.org\/{rel}","templated":true}]}}