{"id":2991,"date":"2020-04-25T21:38:34","date_gmt":"2020-04-25T19:38:34","guid":{"rendered":"http:\/\/cajovnajasminka.sk\/?post_type=product&#038;p=2991"},"modified":"2020-04-25T21:41:52","modified_gmt":"2020-04-25T19:41:52","slug":"skvely-napad-bylinny-caj","status":"publish","type":"product","link":"http:\/\/cajovnajasminka.sk\/?product=skvely-napad-bylinny-caj","title":{"rendered":"Skvel\u00fd n\u00e1pad &#8211; bylinn\u00fd \u010daj"},"content":{"rendered":"<p>Bylinn\u00e1 zmes na podporu srdcovej a mozgovej \u010dinnosti<\/p>\n<p><strong>Pr\u00edprava :<\/strong> 1-2 \u010dajov\u00e9 ly\u017ei\u010dky\u00a0\u010daju zalejeme 3 dl vriacej\u00a0vody, nech\u00e1me 5-10 min\u00fat l\u00fahova\u0165, po preceden\u00ed pod\u00e1vame. Odpor\u00fa\u010da sa pi\u0165\u00a02-3x denne<\/p>\n<p><strong>Zlo\u017eenie :<\/strong> imelo, srdcovn\u00edk, jabl\u010dn\u00edk, medovka, m\u00e4ta, fenikel<\/p>\n<p>Skladujte na suchom, temnom mieste<\/p>\n<p><strong>Obsah balenia : 50g<\/strong><\/p>\n","protected":false},"excerpt":{"rendered":"<p><strong>Obsah balenia : 50g<\/strong><\/p>\n","protected":false},"featured_media":2993,"comment_status":"open","ping_status":"closed","template":"","meta":[],"_links":{"self":[{"href":"http:\/\/cajovnajasminka.sk\/index.php?rest_route=\/wp\/v2\/product\/2991"}],"collection":[{"href":"http:\/\/cajovnajasminka.sk\/index.php?rest_route=\/wp\/v2\/product"}],"about":[{"href":"http:\/\/cajovnajasminka.sk\/index.php?rest_route=\/wp\/v2\/types\/product"}],"replies":[{"embeddable":true,"href":"http:\/\/cajovnajasminka.sk\/index.php?rest_route=%2Fwp%2Fv2%2Fcomments&post=2991"}],"wp:featuredmedia":[{"embeddable":true,"href":"http:\/\/cajovnajasminka.sk\/index.php?rest_route=\/wp\/v2\/media\/2993"}],"wp:attachment":[{"href":"http:\/\/cajovnajasminka.sk\/index.php?rest_route=%2Fwp%2Fv2%2Fmedia&parent=2991"}],"curies":[{"name":"wp","href":"https:\/\/api.w.org\/{rel}","templated":true}]}}