{"id":299,"date":"2017-05-02T20:54:48","date_gmt":"2017-05-02T18:54:48","guid":{"rendered":"http:\/\/cajovnajasminka.sk\/?product=shalari-mocovy-metabolizmus-klby"},"modified":"2023-01-19T10:58:03","modified_gmt":"2023-01-19T09:58:03","slug":"shalari-mocovy-metabolizmus-klby","status":"publish","type":"product","link":"http:\/\/cajovnajasminka.sk\/?product=shalari-mocovy-metabolizmus-klby","title":{"rendered":"Shalari-mo\u010dov\u00fd metabolizmus a k\u013aby"},"content":{"rendered":"<p>Himal\u00e1jske byliny sa u\u017e po cel\u00e9 st\u00e1ro\u010dia pou\u017e\u00edvaj\u00fa k optimaliz\u00e1cii du\u0161evn\u00fdch a telesn\u00fdch funkci\u00ed organizmu. S\u00fa z\u00e1kladom tradi\u010dn\u00e9ho ajurv\u00e9dsk\u00e9ho lek\u00e1rstva, ktor\u00e9 ich pou\u017e\u00edva v mnoh\u00fdch najr\u00f4znej\u0161\u00edch kombin\u00e1ci\u00e1ch.<\/p>\n<p><strong>\u010caj Shalari\u00a0podporuje \u010dinnos\u0165 k\u013abov\u00e9ho apar\u00e1tu<br \/>\nPrispieva k optim\u00e1lnej \u010dinnosti mo\u010dov\u00e9ho syst\u00e9mu<br \/>\nPriaznivo ovplyv\u0148uje mo\u010dov\u00fd metabolizmus<br \/>\nPom\u00e1ha regulova\u0165 mo\u010d a normalizuje hladinu kyseliny mo\u010dovej<br \/>\nP\u00f4sob\u00ed priaznivo na \u010dinnos\u0165 mo\u010dov\u00fdch ciest<br \/>\n<\/strong><\/p>\n<p><strong>Zlo\u017eenie :\u00a0<\/strong><\/p>\n<p>Zeler vo\u0148av\u00fd &#8211; Shalari (Apium graveolens), koriander siaty (Coriandrum sativum), chebula srd\u010dit\u00e1 &#8211; Guduchi (Tinospora cordifolia), Haritaki (Terminalia chebula), rasca r\u00edmska (Cuminum cuminum L.), borovica Gerardova (Pinus garerdiana), \u0161achor okr\u00fahly (Chlorocyperus eragrostis), z\u00e1zvorovn\u00edk lek\u00e1rsky &#8211; z\u00e1zvor (Zingiber origgicinalis).<\/p>\n<p><strong>Hmotnos\u0165 :<\/strong>\u00a0100 g<\/p>\n","protected":false},"excerpt":{"rendered":"<p>Himal\u00e1jske byliny sa u\u017e po cel\u00e9 st\u00e1ro\u010dia pou\u017e\u00edvaj\u00fa k optimaliz\u00e1cii du\u0161evn\u00fdch a telesn\u00fdch funkci\u00ed organizmu. S\u00fa z\u00e1kladom tradi\u010dn\u00e9ho ajurv\u00e9dsk\u00e9ho lek\u00e1rstva, ktor\u00e9 ich pou\u017e\u00edva v mnoh\u00fdch najr\u00f4znej\u0161\u00edch kombin\u00e1ci\u00e1ch. \u010caj Shalari\u00a0podporuje \u010dinnos\u0165 k\u013abov\u00e9ho apar\u00e1tu Prispieva k optim\u00e1lnej \u010dinnosti mo\u010dov\u00e9ho syst\u00e9mu Priaznivo ovplyv\u0148uje mo\u010dov\u00fd metabolizmus Pom\u00e1ha regulova\u0165 mo\u010d a normalizuje hladinu kyseliny mo\u010dovej P\u00f4sob\u00ed priaznivo na \u010dinnos\u0165 mo\u010dov\u00fdch<\/p>\n","protected":false},"featured_media":300,"comment_status":"open","ping_status":"closed","template":"","meta":[],"_links":{"self":[{"href":"http:\/\/cajovnajasminka.sk\/index.php?rest_route=\/wp\/v2\/product\/299"}],"collection":[{"href":"http:\/\/cajovnajasminka.sk\/index.php?rest_route=\/wp\/v2\/product"}],"about":[{"href":"http:\/\/cajovnajasminka.sk\/index.php?rest_route=\/wp\/v2\/types\/product"}],"replies":[{"embeddable":true,"href":"http:\/\/cajovnajasminka.sk\/index.php?rest_route=%2Fwp%2Fv2%2Fcomments&post=299"}],"wp:featuredmedia":[{"embeddable":true,"href":"http:\/\/cajovnajasminka.sk\/index.php?rest_route=\/wp\/v2\/media\/300"}],"wp:attachment":[{"href":"http:\/\/cajovnajasminka.sk\/index.php?rest_route=%2Fwp%2Fv2%2Fmedia&parent=299"}],"curies":[{"name":"wp","href":"https:\/\/api.w.org\/{rel}","templated":true}]}}