{"id":2989,"date":"2020-04-25T21:35:17","date_gmt":"2020-04-25T19:35:17","guid":{"rendered":"http:\/\/cajovnajasminka.sk\/?post_type=product&#038;p=2989"},"modified":"2020-04-25T21:37:33","modified_gmt":"2020-04-25T19:37:33","slug":"jahodova-delikatesa-ovocny-caj","status":"publish","type":"product","link":"http:\/\/cajovnajasminka.sk\/?product=jahodova-delikatesa-ovocny-caj","title":{"rendered":"Jahodov\u00e1 delikatesa &#8211; ovocn\u00fd \u010daj"},"content":{"rendered":"<p>Kvet jazm\u00ednu a jahody s\u00fa &#8222;jahodovou delikatesou&#8220; medzi ovocn\u00fdmi \u010dajmi s pr\u00edrodnou chu\u0165ou<\/p>\n<p><strong>Pr\u00edprava :<\/strong> 2 \u010dajov\u00e9\u00a0ly\u017ei\u010dky\u00a0zalejeme 2,5 dl vriacej vody, nech\u00e1me 8-10\u00a0min\u00fat\u00a0l\u00fahova\u0165, po preceden\u00ed pod\u00e1vame<\/p>\n<p><strong>Zlo\u017eenie :<\/strong>\u00a0 jablko, \u0161\u00edpky, hrozienka, kvet jazm\u00ednu, jahoda\u00a0(min. 10%), pr\u00edrodn\u00e1 ar\u00f3ma<\/p>\n<p>Skladujte na suchom, temnom mieste<\/p>\n<p><strong>Obsah balenia : 50g<\/strong><\/p>\n","protected":false},"excerpt":{"rendered":"<p><strong>Obsah balenia : 50g<\/strong><\/p>\n","protected":false},"featured_media":2990,"comment_status":"open","ping_status":"closed","template":"","meta":[],"_links":{"self":[{"href":"http:\/\/cajovnajasminka.sk\/index.php?rest_route=\/wp\/v2\/product\/2989"}],"collection":[{"href":"http:\/\/cajovnajasminka.sk\/index.php?rest_route=\/wp\/v2\/product"}],"about":[{"href":"http:\/\/cajovnajasminka.sk\/index.php?rest_route=\/wp\/v2\/types\/product"}],"replies":[{"embeddable":true,"href":"http:\/\/cajovnajasminka.sk\/index.php?rest_route=%2Fwp%2Fv2%2Fcomments&post=2989"}],"wp:featuredmedia":[{"embeddable":true,"href":"http:\/\/cajovnajasminka.sk\/index.php?rest_route=\/wp\/v2\/media\/2990"}],"wp:attachment":[{"href":"http:\/\/cajovnajasminka.sk\/index.php?rest_route=%2Fwp%2Fv2%2Fmedia&parent=2989"}],"curies":[{"name":"wp","href":"https:\/\/api.w.org\/{rel}","templated":true}]}}