{"id":2985,"date":"2020-04-25T20:41:35","date_gmt":"2020-04-25T18:41:35","guid":{"rendered":"http:\/\/cajovnajasminka.sk\/?post_type=product&#038;p=2985"},"modified":"2020-04-25T21:32:14","modified_gmt":"2020-04-25T19:32:14","slug":"cierna-jarabina-ovocny-caj","status":"publish","type":"product","link":"http:\/\/cajovnajasminka.sk\/?product=cierna-jarabina-ovocny-caj","title":{"rendered":"\u010cierna jarabina &#8211; ovocn\u00fd \u010daj"},"content":{"rendered":"<p>Sladkasto kyselkav\u00e1 ovocn\u00e1 zmes ovocn\u00fdch zlo\u017eiek a plodov \u010diernej jarabiny dotv\u00e1raj\u00fa plnos\u0165 chute a v\u00f4ne<\/p>\n<p><strong>Pr\u00edprava :<\/strong> 2 \u010dajov\u00e9\u00a0ly\u017ei\u010dky\u00a0zalejeme 2,5 dl vriacej vody, nech\u00e1me 8-10\u00a0min\u00fat\u00a0l\u00fahova\u0165, po preceden\u00ed pod\u00e1vame<\/p>\n<p><strong>Zlo\u017eenie :<\/strong>\u00a0 \u00a0jablko, \u0161\u00edpky, hrozienka, listy jahody, mrkva, \u010dierna jarabina (min. 25%), ar\u00f3ma<\/p>\n<p>Skladujte na suchom, temnom mieste<\/p>\n<p><strong>Obsah balenia : 50g<\/strong><\/p>\n","protected":false},"excerpt":{"rendered":"<p><strong>Obsah balenia : 50g<\/strong><\/p>\n","protected":false},"featured_media":2987,"comment_status":"open","ping_status":"closed","template":"","meta":[],"_links":{"self":[{"href":"http:\/\/cajovnajasminka.sk\/index.php?rest_route=\/wp\/v2\/product\/2985"}],"collection":[{"href":"http:\/\/cajovnajasminka.sk\/index.php?rest_route=\/wp\/v2\/product"}],"about":[{"href":"http:\/\/cajovnajasminka.sk\/index.php?rest_route=\/wp\/v2\/types\/product"}],"replies":[{"embeddable":true,"href":"http:\/\/cajovnajasminka.sk\/index.php?rest_route=%2Fwp%2Fv2%2Fcomments&post=2985"}],"wp:featuredmedia":[{"embeddable":true,"href":"http:\/\/cajovnajasminka.sk\/index.php?rest_route=\/wp\/v2\/media\/2987"}],"wp:attachment":[{"href":"http:\/\/cajovnajasminka.sk\/index.php?rest_route=%2Fwp%2Fv2%2Fmedia&parent=2985"}],"curies":[{"name":"wp","href":"https:\/\/api.w.org\/{rel}","templated":true}]}}