{"id":2982,"date":"2020-04-25T20:28:54","date_gmt":"2020-04-25T18:28:54","guid":{"rendered":"http:\/\/cajovnajasminka.sk\/?post_type=product&#038;p=2982"},"modified":"2020-04-25T20:36:27","modified_gmt":"2020-04-25T18:36:27","slug":"nekonecne-stastie-ovocny-caj","status":"publish","type":"product","link":"http:\/\/cajovnajasminka.sk\/?product=nekonecne-stastie-ovocny-caj","title":{"rendered":"Nekone\u010dn\u00e9 \u0161\u0165astie- ovocn\u00fd \u010daj"},"content":{"rendered":"<p>\u010cajov\u00e1 \u0161\u00e1lka je bohat\u00e1 v\u00f4\u0148ou a chu\u0165ou, ktor\u00fa V\u00e1m zaru\u010d\u00ed pocit &#8222;Nekone\u010dn\u00e9ho \u0161\u0165astia.&#8220;<\/p>\n<p><strong>Pr\u00edprava :<\/strong> 2 \u010dajov\u00e9\u00a0ly\u017ei\u010dky\u00a0zalejeme 2,5 dl vriacej vody, nech\u00e1me 8-10\u00a0min\u00fat\u00a0l\u00fahova\u0165, po preceden\u00ed pod\u00e1vame<\/p>\n<p><strong>Zlo\u017eenie :<\/strong>\u00a0 jablko, \u0161\u00edpky, ibi\u0161tek, hrozienka,\u00a0\u010dierna jarabina, rakytn\u00edk, ar\u00f3ma<\/p>\n<p>Skladujte na suchom, temnom mieste<\/p>\n<p><strong>Obsah balenia : 50g<\/strong><\/p>\n","protected":false},"excerpt":{"rendered":"<p><strong>Obsah balenia : 50g<\/strong><\/p>\n","protected":false},"featured_media":2984,"comment_status":"open","ping_status":"closed","template":"","meta":[],"_links":{"self":[{"href":"http:\/\/cajovnajasminka.sk\/index.php?rest_route=\/wp\/v2\/product\/2982"}],"collection":[{"href":"http:\/\/cajovnajasminka.sk\/index.php?rest_route=\/wp\/v2\/product"}],"about":[{"href":"http:\/\/cajovnajasminka.sk\/index.php?rest_route=\/wp\/v2\/types\/product"}],"replies":[{"embeddable":true,"href":"http:\/\/cajovnajasminka.sk\/index.php?rest_route=%2Fwp%2Fv2%2Fcomments&post=2982"}],"wp:featuredmedia":[{"embeddable":true,"href":"http:\/\/cajovnajasminka.sk\/index.php?rest_route=\/wp\/v2\/media\/2984"}],"wp:attachment":[{"href":"http:\/\/cajovnajasminka.sk\/index.php?rest_route=%2Fwp%2Fv2%2Fmedia&parent=2982"}],"curies":[{"name":"wp","href":"https:\/\/api.w.org\/{rel}","templated":true}]}}