{"id":2978,"date":"2020-04-25T20:12:13","date_gmt":"2020-04-25T18:12:13","guid":{"rendered":"http:\/\/cajovnajasminka.sk\/?post_type=product&#038;p=2978"},"modified":"2020-04-25T20:25:27","modified_gmt":"2020-04-25T18:25:27","slug":"pokoj-v-dusi-ovocny-caj","status":"publish","type":"product","link":"http:\/\/cajovnajasminka.sk\/?product=pokoj-v-dusi-ovocny-caj","title":{"rendered":"Pokoj v du\u0161i &#8211; ovocn\u00fd \u010daj"},"content":{"rendered":"<p>Karamelovo r\u00edbez\u013eov\u00e1 kombin\u00e1cia s medovkou a materinou d\u00fa\u0161kou dod\u00e1va dlhodob\u00fd upokojuj\u00faci a napl\u0148uj\u00faci pocit pohody a relaxu<\/p>\n<p><strong>Pr\u00edprava :<\/strong> 2 \u010dajov\u00e9\u00a0ly\u017ei\u010dky\u00a0zalejeme 2,5 dl vriacej vody, nech\u00e1me 8-10\u00a0min\u00fat\u00a0l\u00fahova\u0165, po preceden\u00ed pod\u00e1vame<\/p>\n<p><strong>Zlo\u017eenie :<\/strong>\u00a0 jablko, hrozienka, r\u00edbez\u013ea, \u010derven\u00e1 repa, \u0161\u00edpky, medovka, materina d\u00fa\u0161ka,\u00a0ar\u00f3ma<\/p>\n<p>Skladujte na suchom, temnom mieste<\/p>\n<p><strong>Obsah balenia : 50g<\/strong><\/p>\n","protected":false},"excerpt":{"rendered":"<p><strong>Obsah balenia : 50g<\/strong><\/p>\n","protected":false},"featured_media":2980,"comment_status":"open","ping_status":"closed","template":"","meta":[],"_links":{"self":[{"href":"http:\/\/cajovnajasminka.sk\/index.php?rest_route=\/wp\/v2\/product\/2978"}],"collection":[{"href":"http:\/\/cajovnajasminka.sk\/index.php?rest_route=\/wp\/v2\/product"}],"about":[{"href":"http:\/\/cajovnajasminka.sk\/index.php?rest_route=\/wp\/v2\/types\/product"}],"replies":[{"embeddable":true,"href":"http:\/\/cajovnajasminka.sk\/index.php?rest_route=%2Fwp%2Fv2%2Fcomments&post=2978"}],"wp:featuredmedia":[{"embeddable":true,"href":"http:\/\/cajovnajasminka.sk\/index.php?rest_route=\/wp\/v2\/media\/2980"}],"wp:attachment":[{"href":"http:\/\/cajovnajasminka.sk\/index.php?rest_route=%2Fwp%2Fv2%2Fmedia&parent=2978"}],"curies":[{"name":"wp","href":"https:\/\/api.w.org\/{rel}","templated":true}]}}