{"id":2977,"date":"2020-04-25T20:12:12","date_gmt":"2020-04-25T18:12:12","guid":{"rendered":"http:\/\/cajovnajasminka.sk\/?post_type=product&#038;p=2977"},"modified":"2020-04-25T20:17:04","modified_gmt":"2020-04-25T18:17:04","slug":"rakytnik-brusnica-ovocny-caj","status":"publish","type":"product","link":"http:\/\/cajovnajasminka.sk\/?product=rakytnik-brusnica-ovocny-caj","title":{"rendered":"Rakytn\u00edk-brusnica &#8211; ovocn\u00fd \u010daj"},"content":{"rendered":"<p>V tejto ovocnej zmesi sa chu\u0165 s\u0165avnat\u00fdch bob\u00fa\u013e rakytn\u00edka sp\u00e1ja so sladkokysl\u00fdm t\u00f3nom brusn\u00edc. Brusnice, mrkva a \u010derven\u00e9 r\u00edbezle robia v tejto zmesi ovocn\u00fdch plodov energiu pre v\u0161etk\u00fdch<\/p>\n<p><strong>Pr\u00edprava :<\/strong> 2 \u010dajov\u00e9\u00a0ly\u017ei\u010dky\u00a0zalejeme 2,5 dl vriacej vody, nech\u00e1me 8-10\u00a0min\u00fat\u00a0l\u00fahova\u0165, po preceden\u00ed pod\u00e1vame<\/p>\n<p><strong>Zlo\u017eenie :<\/strong>\u00a0 jablka k\u00fasky, k\u00fasky mrkvy, ibi\u0161tek, citr\u00f3nov\u00e1 verbena, \u0161\u00edpky, rakytn\u00edk 5%, listy ostru\u017einy, \u010derven\u00e9 r\u00edbezle, brusnica oby\u010dajn\u00e1 2%, l\u00edstky slne\u010dnice, k\u013eukva, pr\u00edrodn\u00e1 ar\u00f3ma<\/p>\n<p>Skladujte na suchom, temnom mieste<\/p>\n<p><strong>Obsah balenia : 50g<\/strong><\/p>\n","protected":false},"excerpt":{"rendered":"<p><strong>Obsah balenia : 50g<\/strong><\/p>\n","protected":false},"featured_media":2979,"comment_status":"open","ping_status":"closed","template":"","meta":[],"_links":{"self":[{"href":"http:\/\/cajovnajasminka.sk\/index.php?rest_route=\/wp\/v2\/product\/2977"}],"collection":[{"href":"http:\/\/cajovnajasminka.sk\/index.php?rest_route=\/wp\/v2\/product"}],"about":[{"href":"http:\/\/cajovnajasminka.sk\/index.php?rest_route=\/wp\/v2\/types\/product"}],"replies":[{"embeddable":true,"href":"http:\/\/cajovnajasminka.sk\/index.php?rest_route=%2Fwp%2Fv2%2Fcomments&post=2977"}],"wp:featuredmedia":[{"embeddable":true,"href":"http:\/\/cajovnajasminka.sk\/index.php?rest_route=\/wp\/v2\/media\/2979"}],"wp:attachment":[{"href":"http:\/\/cajovnajasminka.sk\/index.php?rest_route=%2Fwp%2Fv2%2Fmedia&parent=2977"}],"curies":[{"name":"wp","href":"https:\/\/api.w.org\/{rel}","templated":true}]}}