{"id":2975,"date":"2020-04-25T20:07:18","date_gmt":"2020-04-25T18:07:18","guid":{"rendered":"http:\/\/cajovnajasminka.sk\/?post_type=product&#038;p=2975"},"modified":"2020-04-25T20:10:44","modified_gmt":"2020-04-25T18:10:44","slug":"jazmin-grey-cierny-caj-ochuteny","status":"publish","type":"product","link":"http:\/\/cajovnajasminka.sk\/?product=jazmin-grey-cierny-caj-ochuteny","title":{"rendered":"Jazm\u00edn grey &#8211; \u010dierny \u010daj ochuten\u00fd"},"content":{"rendered":"<p>\u010cierny jazm\u00ednov\u00fd \u010daj s bergamotov\u00fdm n\u00e1dychom<\/p>\n<p><strong>Pr\u00edprava :<\/strong> 1 \u010dajov\u00fa ly\u017ei\u010dku\u00a0zalejeme vriacou vodou, nech\u00e1me 3-4 min\u00faty l\u00fahova\u0165. Po preceden\u00ed pod\u00e1vame. Tento \u010daj\u00edk je viac n\u00e1levov\u00fd.<\/p>\n<p><strong>Zlo\u017eenie :<\/strong> \u010dierny \u010daj, kvet jazm\u00ednu a slne\u010dnice, ar\u00f3ma<\/p>\n<p>Skladujte na suchom, temnom mieste.<\/p>\n<p><strong>Obsah balenia : 50g<\/strong><\/p>\n","protected":false},"excerpt":{"rendered":"<p><strong>Obsah balenia : 50g<\/strong><\/p>\n","protected":false},"featured_media":2976,"comment_status":"open","ping_status":"closed","template":"","meta":[],"_links":{"self":[{"href":"http:\/\/cajovnajasminka.sk\/index.php?rest_route=\/wp\/v2\/product\/2975"}],"collection":[{"href":"http:\/\/cajovnajasminka.sk\/index.php?rest_route=\/wp\/v2\/product"}],"about":[{"href":"http:\/\/cajovnajasminka.sk\/index.php?rest_route=\/wp\/v2\/types\/product"}],"replies":[{"embeddable":true,"href":"http:\/\/cajovnajasminka.sk\/index.php?rest_route=%2Fwp%2Fv2%2Fcomments&post=2975"}],"wp:featuredmedia":[{"embeddable":true,"href":"http:\/\/cajovnajasminka.sk\/index.php?rest_route=\/wp\/v2\/media\/2976"}],"wp:attachment":[{"href":"http:\/\/cajovnajasminka.sk\/index.php?rest_route=%2Fwp%2Fv2%2Fmedia&parent=2975"}],"curies":[{"name":"wp","href":"https:\/\/api.w.org\/{rel}","templated":true}]}}