{"id":2971,"date":"2020-04-25T19:37:08","date_gmt":"2020-04-25T17:37:08","guid":{"rendered":"http:\/\/cajovnajasminka.sk\/?post_type=product&#038;p=2971"},"modified":"2020-04-25T20:04:21","modified_gmt":"2020-04-25T18:04:21","slug":"english-breakfast-tea-cierny-caj","status":"publish","type":"product","link":"http:\/\/cajovnajasminka.sk\/?product=english-breakfast-tea-cierny-caj","title":{"rendered":"English Breakfast tea &#8211; \u010dierny \u010daj"},"content":{"rendered":"<p>Zmes vysoko aromatick\u00fdch ceylonsk\u00fdch \u010dajov, pri ktorej budete ma\u0165 pocit, \u017ee pijete \u010daj v Lond\u00fdne. Mal\u00e9 l\u00edstky maj\u00fa \u010dervenkast\u00fd vzh\u013ead. \u010caj m\u00e1 siln\u00fd povzbudiv\u00fd\u00a0\u00fa\u010dinok<\/p>\n<p><strong>Pr\u00edprava :<\/strong> 1 \u010dajov\u00fa ly\u017ei\u010dku\u00a0zalejeme vriacou vodou, nech\u00e1me 3-4 min\u00faty l\u00fahova\u0165. Po preceden\u00ed pod\u00e1vame<\/p>\n<p><strong>Zlo\u017eenie :<\/strong> \u010dierny \u010daj English breakfast tea<\/p>\n<p><strong>Krajina p\u00f4vodu :<\/strong> Assam India<\/p>\n<p>Skladujte na suchom, temnom mieste.<\/p>\n<p><strong>Obsah balenia : 50g<\/strong><\/p>\n","protected":false},"excerpt":{"rendered":"<p><strong>Obsah balenia : 50g<\/strong><\/p>\n","protected":false},"featured_media":2973,"comment_status":"open","ping_status":"closed","template":"","meta":[],"_links":{"self":[{"href":"http:\/\/cajovnajasminka.sk\/index.php?rest_route=\/wp\/v2\/product\/2971"}],"collection":[{"href":"http:\/\/cajovnajasminka.sk\/index.php?rest_route=\/wp\/v2\/product"}],"about":[{"href":"http:\/\/cajovnajasminka.sk\/index.php?rest_route=\/wp\/v2\/types\/product"}],"replies":[{"embeddable":true,"href":"http:\/\/cajovnajasminka.sk\/index.php?rest_route=%2Fwp%2Fv2%2Fcomments&post=2971"}],"wp:featuredmedia":[{"embeddable":true,"href":"http:\/\/cajovnajasminka.sk\/index.php?rest_route=\/wp\/v2\/media\/2973"}],"wp:attachment":[{"href":"http:\/\/cajovnajasminka.sk\/index.php?rest_route=%2Fwp%2Fv2%2Fmedia&parent=2971"}],"curies":[{"name":"wp","href":"https:\/\/api.w.org\/{rel}","templated":true}]}}