{"id":297,"date":"2017-05-02T20:41:15","date_gmt":"2017-05-02T18:41:15","guid":{"rendered":"http:\/\/cajovnajasminka.sk\/?product=slesaka-klbova-pohyblivost"},"modified":"2023-01-19T10:58:25","modified_gmt":"2023-01-19T09:58:25","slug":"slesaka-klbova-pohyblivost","status":"publish","type":"product","link":"http:\/\/cajovnajasminka.sk\/?product=slesaka-klbova-pohyblivost","title":{"rendered":"Slesaka-k\u013abov\u00e1 pohyblivos\u0165"},"content":{"rendered":"<p>Himal\u00e1jske byliny sa u\u017e po cel\u00e9 st\u00e1ro\u010dia pou\u017e\u00edvaj\u00fa k optimaliz\u00e1cii du\u0161evn\u00fdch a telesn\u00fdch funkci\u00ed organizmu. S\u00fa z\u00e1kladom tradi\u010dn\u00e9ho ajurv\u00e9dsk\u00e9ho lek\u00e1rstva, ktor\u00e9 ich pou\u017e\u00edva v mnoh\u00fdch najr\u00f4znej\u0161\u00edch kombin\u00e1ci\u00e1ch.<\/p>\n<p><strong>\u010caj Slesaka podporuje optim\u00e1lnu funk\u010dnos\u0165 k\u013abov<br \/>\nPrispieva k v\u00fd\u017eive a normaliz\u00e1cii stavu chrupaviek<br \/>\nPosil\u0148uje celkov\u00fa odolnos\u0165 pohybov\u00e9ho \u00fastrojenstva<br \/>\nPriaznivo p\u00f4sob\u00ed na hybnos\u0165 k\u013abov\u00e9ho apar\u00e1tu<br \/>\nPom\u00e1ha uvo\u013e\u0148ova\u0165 svalov\u00fa a k\u013abov\u00fa stuhnutos\u0165<br \/>\n<\/strong><\/p>\n<p><strong>Zlo\u017eenie :\u00a0<\/strong><\/p>\n<p>Chebula srd\u010dit\u00e1 &#8211; Guduchi (Tinospora cordifolia), \u0161koricovn\u00edk tamala (Cinnamomum tamala) listy, m\u00e4ta po\u013en\u00e1 (Mentha arvensis), \u0161koricovn\u00edk tamala (Cinnamomum tamala) k\u00f4ra, c\u00e9der himal\u00e1jsky (Cedrus deodara).<\/p>\n<p><strong>Hmotnos\u0165 :<\/strong>\u00a0100 g<\/p>\n","protected":false},"excerpt":{"rendered":"<p>Himal\u00e1jske byliny sa u\u017e po cel\u00e9 st\u00e1ro\u010dia pou\u017e\u00edvaj\u00fa k optimaliz\u00e1cii du\u0161evn\u00fdch a telesn\u00fdch funkci\u00ed organizmu. S\u00fa z\u00e1kladom tradi\u010dn\u00e9ho ajurv\u00e9dsk\u00e9ho lek\u00e1rstva, ktor\u00e9 ich pou\u017e\u00edva v mnoh\u00fdch najr\u00f4znej\u0161\u00edch kombin\u00e1ci\u00e1ch. \u010caj Slesaka podporuje optim\u00e1lnu funk\u010dnos\u0165 k\u013abov Prispieva k v\u00fd\u017eive a normaliz\u00e1cii stavu chrupaviek Posil\u0148uje celkov\u00fa odolnos\u0165 pohybov\u00e9ho \u00fastrojenstva Priaznivo p\u00f4sob\u00ed na hybnos\u0165 k\u013abov\u00e9ho apar\u00e1tu Pom\u00e1ha uvo\u013e\u0148ova\u0165 svalov\u00fa a<\/p>\n","protected":false},"featured_media":298,"comment_status":"open","ping_status":"closed","template":"","meta":[],"_links":{"self":[{"href":"http:\/\/cajovnajasminka.sk\/index.php?rest_route=\/wp\/v2\/product\/297"}],"collection":[{"href":"http:\/\/cajovnajasminka.sk\/index.php?rest_route=\/wp\/v2\/product"}],"about":[{"href":"http:\/\/cajovnajasminka.sk\/index.php?rest_route=\/wp\/v2\/types\/product"}],"replies":[{"embeddable":true,"href":"http:\/\/cajovnajasminka.sk\/index.php?rest_route=%2Fwp%2Fv2%2Fcomments&post=297"}],"wp:featuredmedia":[{"embeddable":true,"href":"http:\/\/cajovnajasminka.sk\/index.php?rest_route=\/wp\/v2\/media\/298"}],"wp:attachment":[{"href":"http:\/\/cajovnajasminka.sk\/index.php?rest_route=%2Fwp%2Fv2%2Fmedia&parent=297"}],"curies":[{"name":"wp","href":"https:\/\/api.w.org\/{rel}","templated":true}]}}