{"id":2966,"date":"2020-04-25T19:29:21","date_gmt":"2020-04-25T17:29:21","guid":{"rendered":"http:\/\/cajovnajasminka.sk\/?post_type=product&#038;p=2966"},"modified":"2020-04-25T19:33:38","modified_gmt":"2020-04-25T17:33:38","slug":"darjeeling-blend-silver-hall-cierny-caj","status":"publish","type":"product","link":"http:\/\/cajovnajasminka.sk\/?product=darjeeling-blend-silver-hall-cierny-caj","title":{"rendered":"Darjeeling Blend Silver Hall &#8211; \u010dierny \u010daj"},"content":{"rendered":"<p>V\u00fdborn\u00fd \u010dierny \u010daj vynikaj\u00facej kvality z druh\u00e9ho zberu. Oblas\u0165\u00a0Darjeelingu\u00a0je najzn\u00e1mej\u0161ia\u00a0\u010dajov\u00e1 oblas\u0165\u00a0sveta s obrovsk\u00fdm mno\u017estvom plant\u00e1\u017e\u00ed. Le\u017e\u00ed na severov\u00fdchode Indie vo v\u00fd\u0161ke 1830 m.n.m. Triedy tohto \u010dierneho \u010daju sa ur\u010duj\u00fa pod\u013ea kvality a ve\u013ekosti \u010dajov\u00fdch l\u00edstkov. Blend SIlver Hall je trieda &#8222;Fine Tippy Golden Flowery Orange Pekoe&#8220; s cel\u00fdmi ve\u013ek\u00fdmi l\u00edstkami<\/p>\n<p><strong>Pr\u00edprava :<\/strong> 1 \u010dajov\u00fa ly\u017ei\u010dku\u00a0zalejeme vriacou vodou, nech\u00e1me 3-4 min\u00faty l\u00fahova\u0165. Po preceden\u00ed pod\u00e1vame<\/p>\n<p><strong>Zlo\u017eenie :<\/strong> \u010cierny \u010daj Darjeeling FTGFOP 1 Blend Silver Hall<\/p>\n<p><strong>Krajina p\u00f4vodu :<\/strong> severov\u00fdchod Indie, oblas\u0165 Darjeeling<\/p>\n<p>Skladujte na suchom, temnom mieste.<\/p>\n<p><strong>Obsah balenia : 50g<\/strong><\/p>\n","protected":false},"excerpt":{"rendered":"<p><strong>Obsah balenia : 50g<\/strong><\/p>\n","protected":false},"featured_media":2968,"comment_status":"open","ping_status":"closed","template":"","meta":[],"_links":{"self":[{"href":"http:\/\/cajovnajasminka.sk\/index.php?rest_route=\/wp\/v2\/product\/2966"}],"collection":[{"href":"http:\/\/cajovnajasminka.sk\/index.php?rest_route=\/wp\/v2\/product"}],"about":[{"href":"http:\/\/cajovnajasminka.sk\/index.php?rest_route=\/wp\/v2\/types\/product"}],"replies":[{"embeddable":true,"href":"http:\/\/cajovnajasminka.sk\/index.php?rest_route=%2Fwp%2Fv2%2Fcomments&post=2966"}],"wp:featuredmedia":[{"embeddable":true,"href":"http:\/\/cajovnajasminka.sk\/index.php?rest_route=\/wp\/v2\/media\/2968"}],"wp:attachment":[{"href":"http:\/\/cajovnajasminka.sk\/index.php?rest_route=%2Fwp%2Fv2%2Fmedia&parent=2966"}],"curies":[{"name":"wp","href":"https:\/\/api.w.org\/{rel}","templated":true}]}}