{"id":2965,"date":"2020-04-25T19:29:19","date_gmt":"2020-04-25T17:29:19","guid":{"rendered":"http:\/\/cajovnajasminka.sk\/?post_type=product&#038;p=2965"},"modified":"2020-04-25T19:31:21","modified_gmt":"2020-04-25T17:31:21","slug":"darjeeling-first-flush-blend-cierny-caj","status":"publish","type":"product","link":"http:\/\/cajovnajasminka.sk\/?product=darjeeling-first-flush-blend-cierny-caj","title":{"rendered":"Darjeeling First flush blend &#8211; \u010dierny \u010daj"},"content":{"rendered":"<p>Darjeeling\u00a0je najzn\u00e1mej\u0161ia \u010dajov\u00e1 oblas\u0165 sveta. Je zmesou\u00a0ve\u013emi jemn\u00fdch vysokohorsk\u00fdch \u010dajov. Jemn\u00e1 chu\u0165 a v\u00f4\u0148a rob\u00ed tento \u010daj ve\u013emi ob\u013e\u00faben\u00fdm.\u00a0Vzh\u013ead l\u00edstkov mu vtl\u00e1\u010da\u00a0jeho osobitn\u00fd charakter. Ide o \u010dierny \u010daj so zelen\u00fdmi kon\u010dekmi, ktor\u00fd je \u0161tandardne\u00a0vysokokvalitn\u00fd. Ozna\u010denie FTGFOP znamen\u00e1 &#8222;Fine Tippy Golden Flowery Orange Pekoe,&#8220; \u010di\u017ee ve\u013ek\u00e9 a cel\u00e9 l\u00edstky \u010dierneho \u010daju v\u00fdbornej kvality<\/p>\n<p><strong>Pr\u00edprava :<\/strong> 1 \u010dajov\u00fa ly\u017ei\u010dku\u00a0zalejeme vriacou vodou, nech\u00e1me 3-4 min\u00faty l\u00fahova\u0165. Po preceden\u00ed pod\u00e1vame<\/p>\n<p><strong>Zlo\u017eenie :<\/strong> \u010dierny \u010daj Darjeeling FTGFOP 1 First flush blen<\/p>\n<p><strong>Krajina p\u00f4vodu :<\/strong> severov\u00fdchod Indie, oblas\u0165 Darjeeling<\/p>\n<p>Skladujte na suchom, temnom mieste.<\/p>\n<p><strong>Obsah balenia : 50g<\/strong><\/p>\n","protected":false},"excerpt":{"rendered":"<p><strong>Obsah balenia : 50g<\/strong><\/p>\n","protected":false},"featured_media":2967,"comment_status":"open","ping_status":"closed","template":"","meta":[],"_links":{"self":[{"href":"http:\/\/cajovnajasminka.sk\/index.php?rest_route=\/wp\/v2\/product\/2965"}],"collection":[{"href":"http:\/\/cajovnajasminka.sk\/index.php?rest_route=\/wp\/v2\/product"}],"about":[{"href":"http:\/\/cajovnajasminka.sk\/index.php?rest_route=\/wp\/v2\/types\/product"}],"replies":[{"embeddable":true,"href":"http:\/\/cajovnajasminka.sk\/index.php?rest_route=%2Fwp%2Fv2%2Fcomments&post=2965"}],"wp:featuredmedia":[{"embeddable":true,"href":"http:\/\/cajovnajasminka.sk\/index.php?rest_route=\/wp\/v2\/media\/2967"}],"wp:attachment":[{"href":"http:\/\/cajovnajasminka.sk\/index.php?rest_route=%2Fwp%2Fv2%2Fmedia&parent=2965"}],"curies":[{"name":"wp","href":"https:\/\/api.w.org\/{rel}","templated":true}]}}