{"id":2962,"date":"2020-04-25T19:20:14","date_gmt":"2020-04-25T17:20:14","guid":{"rendered":"http:\/\/cajovnajasminka.sk\/?post_type=product&#038;p=2962"},"modified":"2020-04-25T19:23:07","modified_gmt":"2020-04-25T17:23:07","slug":"assam-ctc-tea-to-go-cierny-caj","status":"publish","type":"product","link":"http:\/\/cajovnajasminka.sk\/?product=assam-ctc-tea-to-go-cierny-caj","title":{"rendered":"Assam CTC &#8222;Tea to go&#8220; &#8211; \u010dierny \u010daj"},"content":{"rendered":"<p>Ve\u013emi aromatick\u00e1 a siln\u00e1 assamsk\u00e1\u00a0zmes z najlep\u0161\u00edch plant\u00e1\u017e\u00ed z druh\u00e9ho zberu. Exkluz\u00edvny, siln\u00fd, korenist\u00fd. Ozajstn\u00e1 n\u00e1hrada \u201eespressa\u201c.\u00a0M\u00f4\u017eete ho zjemni\u0165 kockou cukru\u00a0a smotanou.\u00a0Assam je najv\u00e4\u010d\u0161ia pestovate\u013esk\u00e1 oblas\u0165 na svete. Nach\u00e1dza sa v povod\u00ed rieky Brahmaputry<\/p>\n<p><strong>Pr\u00edprava :<\/strong> 1 \u010dajov\u00fa ly\u017ei\u010dku\u00a0zalejeme vriacou vodou, nech\u00e1me 3-4 min\u00faty l\u00fahova\u0165. Po preceden\u00ed pod\u00e1vame<\/p>\n<p><strong>Zlo\u017eenie :<\/strong> \u00a0\u010dierny \u010daj Assam Broken Orange Pekoe<\/p>\n<p><strong>Krajina p\u00f4vodu :<\/strong>India, oblas\u0165 Assam<\/p>\n<p>Skladujte na suchom, temnom mieste.<\/p>\n<p><strong>Obsah balenia : 50g<\/strong><\/p>\n","protected":false},"excerpt":{"rendered":"<p><strong>Obsah balenia : 50g<\/strong><\/p>\n","protected":false},"featured_media":2963,"comment_status":"open","ping_status":"closed","template":"","meta":[],"_links":{"self":[{"href":"http:\/\/cajovnajasminka.sk\/index.php?rest_route=\/wp\/v2\/product\/2962"}],"collection":[{"href":"http:\/\/cajovnajasminka.sk\/index.php?rest_route=\/wp\/v2\/product"}],"about":[{"href":"http:\/\/cajovnajasminka.sk\/index.php?rest_route=\/wp\/v2\/types\/product"}],"replies":[{"embeddable":true,"href":"http:\/\/cajovnajasminka.sk\/index.php?rest_route=%2Fwp%2Fv2%2Fcomments&post=2962"}],"wp:featuredmedia":[{"embeddable":true,"href":"http:\/\/cajovnajasminka.sk\/index.php?rest_route=\/wp\/v2\/media\/2963"}],"wp:attachment":[{"href":"http:\/\/cajovnajasminka.sk\/index.php?rest_route=%2Fwp%2Fv2%2Fmedia&parent=2962"}],"curies":[{"name":"wp","href":"https:\/\/api.w.org\/{rel}","templated":true}]}}