{"id":2961,"date":"2020-04-25T19:20:14","date_gmt":"2020-04-25T17:20:14","guid":{"rendered":"http:\/\/cajovnajasminka.sk\/?post_type=product&#038;p=2961"},"modified":"2020-04-25T19:27:57","modified_gmt":"2020-04-25T17:27:57","slug":"darjeeling-dooteriah-cierny-caj","status":"publish","type":"product","link":"http:\/\/cajovnajasminka.sk\/?product=darjeeling-dooteriah-cierny-caj","title":{"rendered":"Darjeeling Dooteriah &#8211; \u010dierny \u010daj"},"content":{"rendered":"<p>Dooteriah je oblas\u0165 vo v\u00fdchodnom \u00fadol\u00ed Darjeelingu vo v\u00fd\u0161ke 1024-2000 metrov nad morom. Bohatos\u0165 slnka, jemn\u00e9 hmly, svie\u017ei vietor a \u00farodn\u00e1 p\u00f4dy vytv\u00e1raj\u00fa ve\u013emi dobr\u00e9 podmienky pre n\u00e1\u0161 \u010daj. Najlep\u0161ia kvalita z druh\u00e9ho zberu, s ve\u013emi unik\u00e1tnou &#8222;mu\u0161k\u00e1tovou&#8220; pr\u00edchu\u0165ou. Jemn\u00fd l\u00edstok so strieborn\u00fdm koncom. Intenz\u00edvne vo\u0148av\u00fd medovohned\u00fd n\u00e1lev<\/p>\n<p><strong>Pr\u00edprava :<\/strong> 1 \u010dajov\u00fa ly\u017ei\u010dku\u00a0zalejeme vriacou vodou, nech\u00e1me 3-4 min\u00faty l\u00fahova\u0165. Po preceden\u00ed pod\u00e1vame<\/p>\n<p><strong>Zlo\u017eenie :<\/strong> \u010cierny \u010daj Darjeeling FTGFOP 1 Dooteriah<\/p>\n<p><strong>Krajina p\u00f4vodu :<\/strong> India, Dooteriah<\/p>\n<p>Skladujte na suchom, temnom mieste.<\/p>\n<p><strong>Obsah balenia : 50g<\/strong><\/p>\n","protected":false},"excerpt":{"rendered":"<p><strong>Obsah balenia : 50g<\/strong><\/p>\n","protected":false},"featured_media":2964,"comment_status":"open","ping_status":"closed","template":"","meta":[],"_links":{"self":[{"href":"http:\/\/cajovnajasminka.sk\/index.php?rest_route=\/wp\/v2\/product\/2961"}],"collection":[{"href":"http:\/\/cajovnajasminka.sk\/index.php?rest_route=\/wp\/v2\/product"}],"about":[{"href":"http:\/\/cajovnajasminka.sk\/index.php?rest_route=\/wp\/v2\/types\/product"}],"replies":[{"embeddable":true,"href":"http:\/\/cajovnajasminka.sk\/index.php?rest_route=%2Fwp%2Fv2%2Fcomments&post=2961"}],"wp:featuredmedia":[{"embeddable":true,"href":"http:\/\/cajovnajasminka.sk\/index.php?rest_route=\/wp\/v2\/media\/2964"}],"wp:attachment":[{"href":"http:\/\/cajovnajasminka.sk\/index.php?rest_route=%2Fwp%2Fv2%2Fmedia&parent=2961"}],"curies":[{"name":"wp","href":"https:\/\/api.w.org\/{rel}","templated":true}]}}