{"id":2957,"date":"2020-04-24T22:47:52","date_gmt":"2020-04-24T20:47:52","guid":{"rendered":"http:\/\/cajovnajasminka.sk\/?post_type=product&#038;p=2957"},"modified":"2020-04-25T19:13:17","modified_gmt":"2020-04-25T17:13:17","slug":"detsky-punc-ovocny-caj","status":"publish","type":"product","link":"http:\/\/cajovnajasminka.sk\/?product=detsky-punc-ovocny-caj","title":{"rendered":"Detsk\u00fd pun\u010d &#8211; ovocn\u00fd \u010daj"},"content":{"rendered":"<p>Pre deti v tom spr\u00e1vnom\u00a0veku<\/p>\n<p><strong>Pr\u00edprava :<\/strong> 2 \u010dajov\u00e9\u00a0ly\u017ei\u010dky\u00a0zalejeme 2,5 dl vriacej vody, nech\u00e1me 8-10\u00a0min\u00fat\u00a0l\u00fahova\u0165, po preceden\u00ed pod\u00e1vame<\/p>\n<p><strong>Zlo\u017eenie :<\/strong>\u00a0 ibi\u0161tek, jablko, pomaran\u010dov\u00e1 k\u00f4ra, \u0161\u00edpky, k\u00fasky pap\u00e1je a anan\u00e1su, \u010derven\u00e1 repa, sladk\u00e9 drevo, fenikel, an\u00edz, m\u00e4ta, ar\u00f3ma<\/p>\n<p>Skladujte na suchom, temnom mieste<\/p>\n<p><strong>Obsah balenia : 50g<\/strong><\/p>\n","protected":false},"excerpt":{"rendered":"<p><strong>Obsah balenia : 50g<\/strong><\/p>\n","protected":false},"featured_media":2959,"comment_status":"open","ping_status":"closed","template":"","meta":[],"_links":{"self":[{"href":"http:\/\/cajovnajasminka.sk\/index.php?rest_route=\/wp\/v2\/product\/2957"}],"collection":[{"href":"http:\/\/cajovnajasminka.sk\/index.php?rest_route=\/wp\/v2\/product"}],"about":[{"href":"http:\/\/cajovnajasminka.sk\/index.php?rest_route=\/wp\/v2\/types\/product"}],"replies":[{"embeddable":true,"href":"http:\/\/cajovnajasminka.sk\/index.php?rest_route=%2Fwp%2Fv2%2Fcomments&post=2957"}],"wp:featuredmedia":[{"embeddable":true,"href":"http:\/\/cajovnajasminka.sk\/index.php?rest_route=\/wp\/v2\/media\/2959"}],"wp:attachment":[{"href":"http:\/\/cajovnajasminka.sk\/index.php?rest_route=%2Fwp%2Fv2%2Fmedia&parent=2957"}],"curies":[{"name":"wp","href":"https:\/\/api.w.org\/{rel}","templated":true}]}}