{"id":2951,"date":"2020-04-24T22:31:52","date_gmt":"2020-04-24T20:31:52","guid":{"rendered":"http:\/\/cajovnajasminka.sk\/?post_type=product&#038;p=2951"},"modified":"2020-04-24T22:35:00","modified_gmt":"2020-04-24T20:35:00","slug":"lesna-vila-ovocny-caj","status":"publish","type":"product","link":"http:\/\/cajovnajasminka.sk\/?product=lesna-vila-ovocny-caj","title":{"rendered":"Lesn\u00e1 v\u00edla &#8211; ovocn\u00fd \u010daj"},"content":{"rendered":"<p>Tajupln\u00e1 pln\u00e1 chu\u0165 a v\u00f4\u0148a magickej pr\u00edrody v podan\u00ed lesn\u00fdch v\u00edl a darom pr\u00edrody ako orechy, mandle, ke\u0161u a hrozienka<\/p>\n<p><strong>Pr\u00edprava :<\/strong> 2 \u010dajov\u00e9\u00a0ly\u017ei\u010dky\u00a0zalejeme 2,5 dl vriacej vody, nech\u00e1me 8-10\u00a0min\u00fat\u00a0l\u00fahova\u0165, po preceden\u00ed pod\u00e1vame<\/p>\n<p><strong>Zlo\u017eenie :<\/strong> \u00a0jablko, \u0161\u00edpky, hrozienka, listy jahody, mrkva, vla\u0161sk\u00e9 orechy, mandle, ke\u0161u\u00a0(obsahuj\u00fa alerg\u00e9ny), ar\u00f3ma<\/p>\n<p>Skladujte na suchom, temnom mieste<\/p>\n<p><strong>Obsah balenia : 50g<\/strong><\/p>\n","protected":false},"excerpt":{"rendered":"<p><strong>Obsah balenia : 50g<\/strong><\/p>\n","protected":false},"featured_media":2952,"comment_status":"open","ping_status":"closed","template":"","meta":[],"_links":{"self":[{"href":"http:\/\/cajovnajasminka.sk\/index.php?rest_route=\/wp\/v2\/product\/2951"}],"collection":[{"href":"http:\/\/cajovnajasminka.sk\/index.php?rest_route=\/wp\/v2\/product"}],"about":[{"href":"http:\/\/cajovnajasminka.sk\/index.php?rest_route=\/wp\/v2\/types\/product"}],"replies":[{"embeddable":true,"href":"http:\/\/cajovnajasminka.sk\/index.php?rest_route=%2Fwp%2Fv2%2Fcomments&post=2951"}],"wp:featuredmedia":[{"embeddable":true,"href":"http:\/\/cajovnajasminka.sk\/index.php?rest_route=\/wp\/v2\/media\/2952"}],"wp:attachment":[{"href":"http:\/\/cajovnajasminka.sk\/index.php?rest_route=%2Fwp%2Fv2%2Fmedia&parent=2951"}],"curies":[{"name":"wp","href":"https:\/\/api.w.org\/{rel}","templated":true}]}}