{"id":2949,"date":"2020-04-24T22:25:10","date_gmt":"2020-04-24T20:25:10","guid":{"rendered":"http:\/\/cajovnajasminka.sk\/?post_type=product&#038;p=2949"},"modified":"2020-04-24T22:42:46","modified_gmt":"2020-04-24T20:42:46","slug":"stastne-chvile-bylinny-caj","status":"publish","type":"product","link":"http:\/\/cajovnajasminka.sk\/?product=stastne-chvile-bylinny-caj","title":{"rendered":"\u0160\u0165astn\u00e9 chv\u00edle &#8211; bylinn\u00fd \u010daj"},"content":{"rendered":"<p>T\u00e1to bylinn\u00e1 zmes je lie\u010dite\u013emi overen\u00e1 ako podporn\u00fd prostriedok na posilnenie nervov, proti stresu a bolesti hlavy<\/p>\n<p><strong>Pr\u00edprava :<\/strong> 1-2 \u010dajov\u00e9 ly\u017ei\u010dky\u00a0\u010daju zalejeme 3 dl vriacej\u00a0vody, nech\u00e1me 5-10 min\u00fat l\u00fahova\u0165, po preceden\u00ed pod\u00e1vame<\/p>\n<p><strong>Zlo\u017eenie :<\/strong> rebr\u00ed\u010dek, stavikrv, medovka, ruman\u010dek, oman<\/p>\n<p>Skladujte na suchom, temnom mieste<\/p>\n<p><strong>Obsah balenia : 50g<\/strong><\/p>\n","protected":false},"excerpt":{"rendered":"<p><strong>Obsah balenia : 50g<\/strong><\/p>\n","protected":false},"featured_media":2954,"comment_status":"open","ping_status":"closed","template":"","meta":[],"_links":{"self":[{"href":"http:\/\/cajovnajasminka.sk\/index.php?rest_route=\/wp\/v2\/product\/2949"}],"collection":[{"href":"http:\/\/cajovnajasminka.sk\/index.php?rest_route=\/wp\/v2\/product"}],"about":[{"href":"http:\/\/cajovnajasminka.sk\/index.php?rest_route=\/wp\/v2\/types\/product"}],"replies":[{"embeddable":true,"href":"http:\/\/cajovnajasminka.sk\/index.php?rest_route=%2Fwp%2Fv2%2Fcomments&post=2949"}],"wp:featuredmedia":[{"embeddable":true,"href":"http:\/\/cajovnajasminka.sk\/index.php?rest_route=\/wp\/v2\/media\/2954"}],"wp:attachment":[{"href":"http:\/\/cajovnajasminka.sk\/index.php?rest_route=%2Fwp%2Fv2%2Fmedia&parent=2949"}],"curies":[{"name":"wp","href":"https:\/\/api.w.org\/{rel}","templated":true}]}}