{"id":2947,"date":"2020-04-24T22:25:07","date_gmt":"2020-04-24T20:25:07","guid":{"rendered":"http:\/\/cajovnajasminka.sk\/?post_type=product&#038;p=2947"},"modified":"2020-04-24T22:32:12","modified_gmt":"2020-04-24T20:32:12","slug":"jahodove-smoothie-ovocny-caj","status":"publish","type":"product","link":"http:\/\/cajovnajasminka.sk\/?product=jahodove-smoothie-ovocny-caj","title":{"rendered":"Jahodov\u00e9 smoothie &#8211; ovocn\u00fd \u010daj"},"content":{"rendered":"<p>Zmes vytv\u00e1ra lahodn\u00fa chu\u0165 a v\u00f4\u0148u jah\u00f4d, ako keby boli \u010derstvo nazbieran\u00e9. Lie\u010div\u00e1 kombin\u00e1cia byl\u00edn a jah\u00f4d je ur\u010den\u00e1 na ka\u017edodenn\u00e9 relaxa\u010dn\u00e9 pop\u00edjanie \u010daju<\/p>\n<p><strong>Pr\u00edprava :<\/strong> 2 \u010dajov\u00e9\u00a0ly\u017ei\u010dky\u00a0zalejeme 2,5 dl vriacej vody, nech\u00e1me 8-10\u00a0min\u00fat\u00a0l\u00fahova\u0165, po preceden\u00ed pod\u00e1vame<\/p>\n<p><strong>Zlo\u017eenie :<\/strong> jablko, jahoda (min. 10%), citr\u00f3n, \u0161\u00edpky, list maliny, jahody a \u010du\u010doriedky, kvet safl\u00f3ru a pivonky, ar\u00f3ma<\/p>\n<p>Skladujte na suchom, temnom mieste<\/p>\n<p><strong>Obsah balenia : 50g<\/strong><\/p>\n","protected":false},"excerpt":{"rendered":"<p><strong>Obsah balenia : 50g<\/strong><\/p>\n","protected":false},"featured_media":2950,"comment_status":"open","ping_status":"closed","template":"","meta":[],"_links":{"self":[{"href":"http:\/\/cajovnajasminka.sk\/index.php?rest_route=\/wp\/v2\/product\/2947"}],"collection":[{"href":"http:\/\/cajovnajasminka.sk\/index.php?rest_route=\/wp\/v2\/product"}],"about":[{"href":"http:\/\/cajovnajasminka.sk\/index.php?rest_route=\/wp\/v2\/types\/product"}],"replies":[{"embeddable":true,"href":"http:\/\/cajovnajasminka.sk\/index.php?rest_route=%2Fwp%2Fv2%2Fcomments&post=2947"}],"wp:featuredmedia":[{"embeddable":true,"href":"http:\/\/cajovnajasminka.sk\/index.php?rest_route=\/wp\/v2\/media\/2950"}],"wp:attachment":[{"href":"http:\/\/cajovnajasminka.sk\/index.php?rest_route=%2Fwp%2Fv2%2Fmedia&parent=2947"}],"curies":[{"name":"wp","href":"https:\/\/api.w.org\/{rel}","templated":true}]}}