{"id":2945,"date":"2020-04-24T22:20:50","date_gmt":"2020-04-24T20:20:50","guid":{"rendered":"http:\/\/cajovnajasminka.sk\/?post_type=product&#038;p=2945"},"modified":"2020-04-24T22:24:22","modified_gmt":"2020-04-24T20:24:22","slug":"japan-genmaicha-zeleny-caj","status":"publish","type":"product","link":"http:\/\/cajovnajasminka.sk\/?product=japan-genmaicha-zeleny-caj","title":{"rendered":"Japan Genmaicha &#8211; zelen\u00fd \u010daj"},"content":{"rendered":"<p>Japonsk\u00e1 \u0161pecialita\u00a0&#8211;\u00a0zelen\u00fd \u010daj Bancha s opra\u017eenou \u00a0ry\u017eou a sezamov\u00fdmi semienkami. Neobvykl\u00e1 v\u00f4\u0148a a chu\u0165. Gen Mai Cha bol p\u00f4vodne objaven\u00fd chudobn\u00fdmi Japoncami, ktor\u00ed nemali dostatok \u010dajov\u00fdch l\u00edstkov, aby si mohli urobi\u0165 plnohodnotn\u00fd \u010daj, preto za\u010dali k \u010dajov\u00fdm l\u00edstkom prid\u00e1va\u0165 upra\u017een\u00fa ry\u017eu. Jemn\u00e1, \u013eahko\u00a0tr\u00e1vnat\u00e1, doplnen\u00e1 orie\u0161kov\u00fdmi t\u00f3nmi a \u013eahkou pra\u017eenos\u0165ou ry\u017ee, svetlo \u017elt\u00fd n\u00e1lev<\/p>\n<p><strong>Pr\u00edprava :<\/strong> 1 \u010dajov\u00fa ly\u017ei\u010dku zalejeme vodou o teplote 80\u00a0\u00b0C, nech\u00e1me\u00a0 2-3\u00a0min\u00faty l\u00fahova\u0165. Po preceden\u00ed pod\u00e1vame<\/p>\n<p><strong>Zlo\u017eenie :<\/strong> zelen\u00fd \u010daj Japan Genmaicha<\/p>\n<p><strong>Krajina p\u00f4vodu :\u00a0<\/strong>Japonsko<\/p>\n<p>Skladujte na suchom, temnom mieste.<\/p>\n<p><strong>Obsah balenia : 50g<\/strong><\/p>\n","protected":false},"excerpt":{"rendered":"<p><strong>Obsah balenia : 50g<\/strong><\/p>\n","protected":false},"featured_media":2946,"comment_status":"open","ping_status":"closed","template":"","meta":[],"_links":{"self":[{"href":"http:\/\/cajovnajasminka.sk\/index.php?rest_route=\/wp\/v2\/product\/2945"}],"collection":[{"href":"http:\/\/cajovnajasminka.sk\/index.php?rest_route=\/wp\/v2\/product"}],"about":[{"href":"http:\/\/cajovnajasminka.sk\/index.php?rest_route=\/wp\/v2\/types\/product"}],"replies":[{"embeddable":true,"href":"http:\/\/cajovnajasminka.sk\/index.php?rest_route=%2Fwp%2Fv2%2Fcomments&post=2945"}],"wp:featuredmedia":[{"embeddable":true,"href":"http:\/\/cajovnajasminka.sk\/index.php?rest_route=\/wp\/v2\/media\/2946"}],"wp:attachment":[{"href":"http:\/\/cajovnajasminka.sk\/index.php?rest_route=%2Fwp%2Fv2%2Fmedia&parent=2945"}],"curies":[{"name":"wp","href":"https:\/\/api.w.org\/{rel}","templated":true}]}}