{"id":2943,"date":"2020-04-24T22:09:00","date_gmt":"2020-04-24T20:09:00","guid":{"rendered":"http:\/\/cajovnajasminka.sk\/?post_type=product&#038;p=2943"},"modified":"2020-04-24T22:20:38","modified_gmt":"2020-04-24T20:20:38","slug":"21-pre-vitalitu-zeleny-caj-ochuteny","status":"publish","type":"product","link":"http:\/\/cajovnajasminka.sk\/?product=21-pre-vitalitu-zeleny-caj-ochuteny","title":{"rendered":"2+1 pre vitalitu &#8211; zelen\u00fd \u010daj ochuten\u00fd"},"content":{"rendered":"<p>Vitality nikdy nie je\u00a0dos\u0165<\/p>\n<p><strong>Pr\u00edprava :<\/strong> 1 \u010dajov\u00fa ly\u017ei\u010dku zalejeme vodou o teplote 80\u00a0\u00b0C, nech\u00e1me\u00a0 2-3\u00a0min\u00faty l\u00fahova\u0165. Po preceden\u00ed pod\u00e1vame<\/p>\n<p><strong>Zlo\u017eenie:<\/strong> zelen\u00fd \u010daj China Sencha, Rooibos zelen\u00fd, \u017een\u0161en, k\u00fasky citr\u00f3na a pap\u00e1je, kvety jazm\u00ednu, pomaran\u010dov\u00e1 k\u00f4ra, ar\u00f3ma<\/p>\n<p>Skladujte na suchom, temnom mieste.<\/p>\n<p><strong>Obsah balenia : 50g<\/strong><\/p>\n","protected":false},"excerpt":{"rendered":"<p><strong>Obsah balenia : 50g<\/strong><\/p>\n","protected":false},"featured_media":2944,"comment_status":"open","ping_status":"closed","template":"","meta":[],"_links":{"self":[{"href":"http:\/\/cajovnajasminka.sk\/index.php?rest_route=\/wp\/v2\/product\/2943"}],"collection":[{"href":"http:\/\/cajovnajasminka.sk\/index.php?rest_route=\/wp\/v2\/product"}],"about":[{"href":"http:\/\/cajovnajasminka.sk\/index.php?rest_route=\/wp\/v2\/types\/product"}],"replies":[{"embeddable":true,"href":"http:\/\/cajovnajasminka.sk\/index.php?rest_route=%2Fwp%2Fv2%2Fcomments&post=2943"}],"wp:featuredmedia":[{"embeddable":true,"href":"http:\/\/cajovnajasminka.sk\/index.php?rest_route=\/wp\/v2\/media\/2944"}],"wp:attachment":[{"href":"http:\/\/cajovnajasminka.sk\/index.php?rest_route=%2Fwp%2Fv2%2Fmedia&parent=2943"}],"curies":[{"name":"wp","href":"https:\/\/api.w.org\/{rel}","templated":true}]}}