{"id":2941,"date":"2020-04-24T22:07:20","date_gmt":"2020-04-24T20:07:20","guid":{"rendered":"http:\/\/cajovnajasminka.sk\/?post_type=product&#038;p=2941"},"modified":"2020-04-24T22:08:46","modified_gmt":"2020-04-24T20:08:46","slug":"maly-budha-zeleny-caj-ochuteny","status":"publish","type":"product","link":"http:\/\/cajovnajasminka.sk\/?product=maly-budha-zeleny-caj-ochuteny","title":{"rendered":"Mal\u00fd Budha &#8211; zelen\u00fd \u010daj ochuten\u00fd"},"content":{"rendered":"<p>K\u00fasky anan\u00e1su a pap\u00e1je v zelenom \u010daji pod\u010diarknut\u00e9 farebn\u00fdm koren\u00edm<\/p>\n<p><strong>Pr\u00edprava :<\/strong> 1 \u010dajov\u00fa ly\u017ei\u010dku zalejeme vodou o teplote 80\u00a0\u00b0C, nech\u00e1me\u00a0 2-3\u00a0min\u00faty l\u00fahova\u0165. Po preceden\u00ed pod\u00e1vame<\/p>\n<p><strong>Zlo\u017eenie:<\/strong> zelen\u00fd \u010daj China Sencha, k\u00fasky anan\u00e1su a pap\u00e1je, sladk\u00e9 drievko, \u010derven\u00e9 korenie, ruman\u010dek, ar\u00f3ma<\/p>\n<p>Skladujte na suchom, temnom mieste.<\/p>\n<p><strong>Obsah balenia : 50g<\/strong><\/p>\n","protected":false},"excerpt":{"rendered":"<p><strong>Obsah balenia : 50g<\/strong><\/p>\n","protected":false},"featured_media":2942,"comment_status":"open","ping_status":"closed","template":"","meta":[],"_links":{"self":[{"href":"http:\/\/cajovnajasminka.sk\/index.php?rest_route=\/wp\/v2\/product\/2941"}],"collection":[{"href":"http:\/\/cajovnajasminka.sk\/index.php?rest_route=\/wp\/v2\/product"}],"about":[{"href":"http:\/\/cajovnajasminka.sk\/index.php?rest_route=\/wp\/v2\/types\/product"}],"replies":[{"embeddable":true,"href":"http:\/\/cajovnajasminka.sk\/index.php?rest_route=%2Fwp%2Fv2%2Fcomments&post=2941"}],"wp:featuredmedia":[{"embeddable":true,"href":"http:\/\/cajovnajasminka.sk\/index.php?rest_route=\/wp\/v2\/media\/2942"}],"wp:attachment":[{"href":"http:\/\/cajovnajasminka.sk\/index.php?rest_route=%2Fwp%2Fv2%2Fmedia&parent=2941"}],"curies":[{"name":"wp","href":"https:\/\/api.w.org\/{rel}","templated":true}]}}