{"id":2938,"date":"2020-04-24T21:50:07","date_gmt":"2020-04-24T19:50:07","guid":{"rendered":"http:\/\/cajovnajasminka.sk\/?post_type=product&#038;p=2938"},"modified":"2020-04-24T22:07:06","modified_gmt":"2020-04-24T20:07:06","slug":"sviezost-zivota-zeleny-caj-ochuteny","status":"publish","type":"product","link":"http:\/\/cajovnajasminka.sk\/?product=sviezost-zivota-zeleny-caj-ochuteny","title":{"rendered":"Svie\u017eos\u0165 \u017eivota &#8211; zelen\u00fd \u010daj ochuten\u00fd"},"content":{"rendered":"<p>Ka\u017ed\u00fdm d\u00fa\u0161kom a n\u00e1dychom z misky \u010daju v kombin\u00e1cii tejto zmesi sa V\u00e1m u\u013eav\u00ed na du\u0161i. Svie\u017eos\u0165 eukalyptu napln\u00ed V\u00e1s novou\u00a0n\u00e1dejou do \u017eivota<\/p>\n<p><strong>Pr\u00edprava :<\/strong> 1 \u010dajov\u00fa ly\u017ei\u010dku zalejeme vodou o teplote 80\u00a0\u00b0C, nech\u00e1me\u00a0 2-3\u00a0min\u00faty l\u00fahova\u0165. Po preceden\u00ed pod\u00e1vame<\/p>\n<p><strong>Zlo\u017eenie:<\/strong> zelen\u00fd \u010daj Vietnam Green, China Sencha a Gunpowder Temple of Heaven, pivonka, \u010dierna jarabina, eukalyptus, baza \u010dierna, citr\u00f3nov\u00e1 k\u00f4ra, ar\u00f3ma<\/p>\n<p>Skladujte na suchom, temnom mieste.<\/p>\n<p><strong>Obsah balenia : 50g<\/strong><\/p>\n","protected":false},"excerpt":{"rendered":"<p><strong>Obsah balenia : 50g<\/strong><\/p>\n","protected":false},"featured_media":2940,"comment_status":"open","ping_status":"closed","template":"","meta":[],"_links":{"self":[{"href":"http:\/\/cajovnajasminka.sk\/index.php?rest_route=\/wp\/v2\/product\/2938"}],"collection":[{"href":"http:\/\/cajovnajasminka.sk\/index.php?rest_route=\/wp\/v2\/product"}],"about":[{"href":"http:\/\/cajovnajasminka.sk\/index.php?rest_route=\/wp\/v2\/types\/product"}],"replies":[{"embeddable":true,"href":"http:\/\/cajovnajasminka.sk\/index.php?rest_route=%2Fwp%2Fv2%2Fcomments&post=2938"}],"wp:featuredmedia":[{"embeddable":true,"href":"http:\/\/cajovnajasminka.sk\/index.php?rest_route=\/wp\/v2\/media\/2940"}],"wp:attachment":[{"href":"http:\/\/cajovnajasminka.sk\/index.php?rest_route=%2Fwp%2Fv2%2Fmedia&parent=2938"}],"curies":[{"name":"wp","href":"https:\/\/api.w.org\/{rel}","templated":true}]}}