{"id":2937,"date":"2020-04-24T21:50:06","date_gmt":"2020-04-24T19:50:06","guid":{"rendered":"http:\/\/cajovnajasminka.sk\/?post_type=product&#038;p=2937"},"modified":"2020-04-24T22:04:05","modified_gmt":"2020-04-24T20:04:05","slug":"deep-forest-zeleny-caj-ochuteny","status":"publish","type":"product","link":"http:\/\/cajovnajasminka.sk\/?product=deep-forest-zeleny-caj-ochuteny","title":{"rendered":"Deep Forest &#8211; zelen\u00fd \u010daj ochuten\u00fd"},"content":{"rendered":"<p>Lahodn\u00e1 \u0161\u00e1lka zelen\u00e9ho \u010daju\u00a0ochuten\u00e1\u00a0plodmi lesa<\/p>\n<p><strong>Pr\u00edprava :<\/strong> 1 \u010dajov\u00fa ly\u017ei\u010dku zalejeme vodou o teplote 80\u00a0\u00b0C, nech\u00e1me\u00a0 2-3\u00a0min\u00faty l\u00fahova\u0165. Po preceden\u00ed pod\u00e1vame<\/p>\n<p><strong>Zlo\u017eenie:<\/strong> zelen\u00fd \u010daj China Sencha, kvet nev\u00e4dze po\u013enej, plod bazy \u010diernej, maliny, ar\u00f3ma<\/p>\n<p>Skladujte na suchom, temnom mieste.<\/p>\n<p><strong>Obsah balenia : 50g<\/strong><\/p>\n","protected":false},"excerpt":{"rendered":"<p><strong>Obsah balenia : 50g<\/strong><\/p>\n","protected":false},"featured_media":2939,"comment_status":"open","ping_status":"closed","template":"","meta":[],"_links":{"self":[{"href":"http:\/\/cajovnajasminka.sk\/index.php?rest_route=\/wp\/v2\/product\/2937"}],"collection":[{"href":"http:\/\/cajovnajasminka.sk\/index.php?rest_route=\/wp\/v2\/product"}],"about":[{"href":"http:\/\/cajovnajasminka.sk\/index.php?rest_route=\/wp\/v2\/types\/product"}],"replies":[{"embeddable":true,"href":"http:\/\/cajovnajasminka.sk\/index.php?rest_route=%2Fwp%2Fv2%2Fcomments&post=2937"}],"wp:featuredmedia":[{"embeddable":true,"href":"http:\/\/cajovnajasminka.sk\/index.php?rest_route=\/wp\/v2\/media\/2939"}],"wp:attachment":[{"href":"http:\/\/cajovnajasminka.sk\/index.php?rest_route=%2Fwp%2Fv2%2Fmedia&parent=2937"}],"curies":[{"name":"wp","href":"https:\/\/api.w.org\/{rel}","templated":true}]}}