{"id":2935,"date":"2020-04-24T21:47:13","date_gmt":"2020-04-24T19:47:13","guid":{"rendered":"http:\/\/cajovnajasminka.sk\/?post_type=product&#038;p=2935"},"modified":"2020-04-24T21:48:30","modified_gmt":"2020-04-24T19:48:30","slug":"madame-butterfly-zeleny-caj-ochuteny","status":"publish","type":"product","link":"http:\/\/cajovnajasminka.sk\/?product=madame-butterfly-zeleny-caj-ochuteny","title":{"rendered":"Madame Butterfly &#8211; zelen\u00fd \u010daj ochuten\u00fd"},"content":{"rendered":"<p>Zelen\u00e1 Sencha s kvetinovo-brosky\u0148ovou pr\u00edchu\u0165ou<\/p>\n<p><strong>Pr\u00edprava :<\/strong> 1 \u010dajov\u00fa ly\u017ei\u010dku zalejeme vodou o teplote 80\u00a0\u00b0C, nech\u00e1me\u00a0 2-3\u00a0min\u00faty l\u00fahova\u0165. Po preceden\u00ed pod\u00e1vame<\/p>\n<p><strong>Zlo\u017eenie:<\/strong> zelen\u00fd \u010daj China Sencha, k\u00fasky broskyne, kvet slne\u010dnice, ar\u00f3ma<\/p>\n<p>Skladujte na suchom, temnom mieste.<\/p>\n<p><strong>Obsah balenia : 50g<\/strong><\/p>\n","protected":false},"excerpt":{"rendered":"<p><strong>Obsah balenia : 50g<\/strong><\/p>\n","protected":false},"featured_media":2936,"comment_status":"open","ping_status":"closed","template":"","meta":[],"_links":{"self":[{"href":"http:\/\/cajovnajasminka.sk\/index.php?rest_route=\/wp\/v2\/product\/2935"}],"collection":[{"href":"http:\/\/cajovnajasminka.sk\/index.php?rest_route=\/wp\/v2\/product"}],"about":[{"href":"http:\/\/cajovnajasminka.sk\/index.php?rest_route=\/wp\/v2\/types\/product"}],"replies":[{"embeddable":true,"href":"http:\/\/cajovnajasminka.sk\/index.php?rest_route=%2Fwp%2Fv2%2Fcomments&post=2935"}],"wp:featuredmedia":[{"embeddable":true,"href":"http:\/\/cajovnajasminka.sk\/index.php?rest_route=\/wp\/v2\/media\/2936"}],"wp:attachment":[{"href":"http:\/\/cajovnajasminka.sk\/index.php?rest_route=%2Fwp%2Fv2%2Fmedia&parent=2935"}],"curies":[{"name":"wp","href":"https:\/\/api.w.org\/{rel}","templated":true}]}}