{"id":2931,"date":"2020-04-24T21:26:54","date_gmt":"2020-04-24T19:26:54","guid":{"rendered":"http:\/\/cajovnajasminka.sk\/?post_type=product&#038;p=2931"},"modified":"2020-04-24T21:30:44","modified_gmt":"2020-04-24T19:30:44","slug":"sviezi-bambus-zeleny-caj-ochuteny","status":"publish","type":"product","link":"http:\/\/cajovnajasminka.sk\/?product=sviezi-bambus-zeleny-caj-ochuteny","title":{"rendered":"Svie\u017ei bambus &#8211; zelen\u00fd \u010daj ochuten\u00fd"},"content":{"rendered":"<p>Bambusov\u00e9 listy spojen\u00e9 s citr\u00f3novou tr\u00e1vou sa lahodne v chuti podporuj\u00fa a vytv\u00e1raj\u00fa svie\u017eu chu\u0165 podporen\u00fa zelen\u00fdm \u010dajom<\/p>\n<p><strong>Pr\u00edprava :<\/strong> 1 \u010dajov\u00fa ly\u017ei\u010dku zalejeme vodou o teplote 80\u00a0\u00b0C, nech\u00e1me\u00a0 2-3\u00a0min\u00faty l\u00fahova\u0165. Po preceden\u00ed pod\u00e1vame<\/p>\n<p><strong>Zlo\u017eenie:<\/strong> zelen\u00fd \u010daj China Sencha, listy bambusu (min. 8%), citr\u00f3nov\u00e1 k\u00f4ra, ar\u00f3ma<\/p>\n<p>Skladujte na suchom, temnom mieste.<\/p>\n<p><strong>Obsah balenia : 50g<\/strong><\/p>\n","protected":false},"excerpt":{"rendered":"<p><strong>Obsah balenia : 50g<\/strong><\/p>\n","protected":false},"featured_media":2932,"comment_status":"open","ping_status":"closed","template":"","meta":[],"_links":{"self":[{"href":"http:\/\/cajovnajasminka.sk\/index.php?rest_route=\/wp\/v2\/product\/2931"}],"collection":[{"href":"http:\/\/cajovnajasminka.sk\/index.php?rest_route=\/wp\/v2\/product"}],"about":[{"href":"http:\/\/cajovnajasminka.sk\/index.php?rest_route=\/wp\/v2\/types\/product"}],"replies":[{"embeddable":true,"href":"http:\/\/cajovnajasminka.sk\/index.php?rest_route=%2Fwp%2Fv2%2Fcomments&post=2931"}],"wp:featuredmedia":[{"embeddable":true,"href":"http:\/\/cajovnajasminka.sk\/index.php?rest_route=\/wp\/v2\/media\/2932"}],"wp:attachment":[{"href":"http:\/\/cajovnajasminka.sk\/index.php?rest_route=%2Fwp%2Fv2%2Fmedia&parent=2931"}],"curies":[{"name":"wp","href":"https:\/\/api.w.org\/{rel}","templated":true}]}}