{"id":293,"date":"2017-05-02T20:04:59","date_gmt":"2017-05-02T18:04:59","guid":{"rendered":"http:\/\/cajovnajasminka.sk\/?product=jaiphal-antioxidant-a-revitalizacia-tkaniv"},"modified":"2023-01-19T10:59:14","modified_gmt":"2023-01-19T09:59:14","slug":"jaiphal-antioxidant-a-revitalizacia-tkaniv","status":"publish","type":"product","link":"http:\/\/cajovnajasminka.sk\/?product=jaiphal-antioxidant-a-revitalizacia-tkaniv","title":{"rendered":"Jaiphal-antioxidant a revitaliz\u00e1cia tkan\u00edv"},"content":{"rendered":"<p>Himal\u00e1jske byliny sa u\u017e po cel\u00e9 st\u00e1ro\u010dia pou\u017e\u00edvaj\u00fa k optimaliz\u00e1cii du\u0161evn\u00fdch a telesn\u00fdch funkci\u00ed organizmu. S\u00fa z\u00e1kladom tradi\u010dn\u00e9ho ajurv\u00e9dsk\u00e9ho lek\u00e1rstva, ktor\u00e9 ich pou\u017e\u00edva v mnoh\u00fdch najr\u00f4znej\u0161\u00edch kombin\u00e1ci\u00e1ch.<\/p>\n<p><strong>\u010caj Jaiphal p\u00f4sob\u00ed ako antioxidant na ochranu buniek<br \/>\nProspieva \u010dinnosti srdcovo-cievnych funkci\u00ed<br \/>\nPom\u00e1ha udr\u017eiava\u0165 norm\u00e1lnu hladinu cholesterolu<br \/>\nPosil\u0148uje imunitn\u00fd syst\u00e9m<br \/>\nPrispieva k telesnej a du\u0161evnej vitalite organizmu<br \/>\nPom\u00e1ha udr\u017eiava\u0165 akt\u00edvny stav mozgov\u00fdch funkci\u00ed<br \/>\n<\/strong><\/p>\n<p><strong>Zlo\u017eenie :\u00a0<\/strong><\/p>\n<p>Mu\u0161k\u00e1tovn\u00edk prav\u00fd (Myristica fragrans), \u0161koricovn\u00edk tamala (Cinnamomum tamala) k\u00f4ra, vit\u00e1nia spav\u00e1 &#8211; A\u0161vagandha (Withania somnifera), embilika lek\u00e1rska &#8211; Amalaki (Emblica officinalis), kardamom oby\u010dajn\u00fd (Elettaria cardamomum), klin\u010dekovec vo\u0148av\u00fd (Syzygium aromaticum), \u010dierne korenie (Piper nigrum L.), z\u00e1zvorovn\u00edk lek\u00e1rsky &#8211; z\u00e1zvor (Zingiber origgicinalis), gran\u00e1tov\u00e9 jablko (Punica granatum), pupo\u010dn\u00edk \u00e1zijsk\u00fd &#8211; GotuKola (Centella asiatica), kotvi\u010dn\u00edk zemn\u00fd (Tribulus terrestris), Vidanga (Embelia ribes).<\/p>\n<p><strong>Hmotnos\u0165 :<\/strong>\u00a0100 g<\/p>\n","protected":false},"excerpt":{"rendered":"<p>Himal\u00e1jske byliny sa u\u017e po cel\u00e9 st\u00e1ro\u010dia pou\u017e\u00edvaj\u00fa k optimaliz\u00e1cii du\u0161evn\u00fdch a telesn\u00fdch funkci\u00ed organizmu. S\u00fa z\u00e1kladom tradi\u010dn\u00e9ho ajurv\u00e9dsk\u00e9ho lek\u00e1rstva, ktor\u00e9 ich pou\u017e\u00edva v mnoh\u00fdch najr\u00f4znej\u0161\u00edch kombin\u00e1ci\u00e1ch. \u010caj Jaiphal p\u00f4sob\u00ed ako antioxidant na ochranu buniek Prospieva \u010dinnosti srdcovo-cievnych funkci\u00ed Pom\u00e1ha udr\u017eiava\u0165 norm\u00e1lnu hladinu cholesterolu Posil\u0148uje imunitn\u00fd syst\u00e9m Prispieva k telesnej a du\u0161evnej vitalite organizmu Pom\u00e1ha<\/p>\n","protected":false},"featured_media":294,"comment_status":"open","ping_status":"closed","template":"","meta":[],"_links":{"self":[{"href":"http:\/\/cajovnajasminka.sk\/index.php?rest_route=\/wp\/v2\/product\/293"}],"collection":[{"href":"http:\/\/cajovnajasminka.sk\/index.php?rest_route=\/wp\/v2\/product"}],"about":[{"href":"http:\/\/cajovnajasminka.sk\/index.php?rest_route=\/wp\/v2\/types\/product"}],"replies":[{"embeddable":true,"href":"http:\/\/cajovnajasminka.sk\/index.php?rest_route=%2Fwp%2Fv2%2Fcomments&post=293"}],"wp:featuredmedia":[{"embeddable":true,"href":"http:\/\/cajovnajasminka.sk\/index.php?rest_route=\/wp\/v2\/media\/294"}],"wp:attachment":[{"href":"http:\/\/cajovnajasminka.sk\/index.php?rest_route=%2Fwp%2Fv2%2Fmedia&parent=293"}],"curies":[{"name":"wp","href":"https:\/\/api.w.org\/{rel}","templated":true}]}}