{"id":2929,"date":"2020-04-24T21:18:31","date_gmt":"2020-04-24T19:18:31","guid":{"rendered":"http:\/\/cajovnajasminka.sk\/?post_type=product&#038;p=2929"},"modified":"2020-04-24T21:24:05","modified_gmt":"2020-04-24T19:24:05","slug":"romantika-zeleny-caj-ochuteny","status":"publish","type":"product","link":"http:\/\/cajovnajasminka.sk\/?product=romantika-zeleny-caj-ochuteny","title":{"rendered":"Romantika &#8211; zelen\u00fd \u010daj ochuten\u00fd"},"content":{"rendered":"<p>Muira Puama je tradi\u010dn\u00e9 afrodiziakum. N\u00e1poj je pou\u017e\u00edvan\u00fd domorodcami Ju\u017enej Ameriky\u00a0pre zv\u00fd\u0161enie sexu\u00e1lnej t\u00fa\u017eby a podpory mu\u017enosti<\/p>\n<p><strong>Pr\u00edprava :<\/strong> 1 \u010dajov\u00fa ly\u017ei\u010dku zalejeme vodou o teplote 80\u00a0\u00b0C, nech\u00e1me\u00a0 2-3\u00a0min\u00faty l\u00fahova\u0165. Po preceden\u00ed pod\u00e1vame<\/p>\n<p><strong>Zlo\u017eenie:<\/strong> zelen\u00fd \u010daj China Sencha, k\u00fasky jahody, Muira Puama, ar\u00f3ma<\/p>\n<p>Skladujte na suchom, temnom mieste.<\/p>\n<p><strong>Obsah balenia : 50g<\/strong><\/p>\n","protected":false},"excerpt":{"rendered":"<p><strong>Obsah balenia : 50g<\/strong><\/p>\n","protected":false},"featured_media":2930,"comment_status":"open","ping_status":"closed","template":"","meta":[],"_links":{"self":[{"href":"http:\/\/cajovnajasminka.sk\/index.php?rest_route=\/wp\/v2\/product\/2929"}],"collection":[{"href":"http:\/\/cajovnajasminka.sk\/index.php?rest_route=\/wp\/v2\/product"}],"about":[{"href":"http:\/\/cajovnajasminka.sk\/index.php?rest_route=\/wp\/v2\/types\/product"}],"replies":[{"embeddable":true,"href":"http:\/\/cajovnajasminka.sk\/index.php?rest_route=%2Fwp%2Fv2%2Fcomments&post=2929"}],"wp:featuredmedia":[{"embeddable":true,"href":"http:\/\/cajovnajasminka.sk\/index.php?rest_route=\/wp\/v2\/media\/2930"}],"wp:attachment":[{"href":"http:\/\/cajovnajasminka.sk\/index.php?rest_route=%2Fwp%2Fv2%2Fmedia&parent=2929"}],"curies":[{"name":"wp","href":"https:\/\/api.w.org\/{rel}","templated":true}]}}