{"id":2926,"date":"2020-04-22T21:27:12","date_gmt":"2020-04-22T19:27:12","guid":{"rendered":"http:\/\/cajovnajasminka.sk\/?post_type=product&#038;p=2926"},"modified":"2020-04-24T21:18:13","modified_gmt":"2020-04-24T19:18:13","slug":"samba-zeleny-caj-ochuteny","status":"publish","type":"product","link":"http:\/\/cajovnajasminka.sk\/?product=samba-zeleny-caj-ochuteny","title":{"rendered":"Samba &#8211; zelen\u00fd \u010daj ochuten\u00fd"},"content":{"rendered":"<p>Pr\u00edrodne ochuten\u00e1 zmes zelen\u00e9ho \u010daju a ovocia, koncentrovan\u00e1 sila slnka pobozkala ovocie, spojen\u00e9 s n\u00e1dychom guarany a nieko\u013ek\u00fdmi listami konope. Degusta\u010dn\u00fd z\u00e1\u017eitok, ktor\u00fd je \u0165a\u017ek\u00e9 op\u00edsa\u0165 je takmer vzru\u0161uj\u00faci.<\/p>\n<p><strong>Pr\u00edprava :<\/strong> 1 \u010dajov\u00fa ly\u017ei\u010dku zalejeme vodou o teplote 80\u00a0\u00b0C, nech\u00e1me\u00a0 2-3\u00a0min\u00faty l\u00fahova\u0165. Po preceden\u00ed pod\u00e1vame<\/p>\n<p><strong>Zlo\u017eenie:<\/strong> zelen\u00fd \u010daj, jablko, citr\u00f3nov\u00e1 tr\u00e1va, citr\u00f3nov\u00e1 k\u00f4ra, citr\u00f3nov\u00e9 pl\u00e1tky, \u017eih\u013eava, listy konope, guarana semeno, su\u0161en\u00e1 du\u017eina pomaran\u010dovej \u0161\u0165avy, slne\u010dnica listy, pr\u00edrodn\u00e1 ar\u00f3ma.<\/p>\n<p>Skladujte na suchom, temnom mieste.<\/p>\n<p><strong>Obsah balenia : 50g<\/strong><\/p>\n","protected":false},"excerpt":{"rendered":"<p><strong>Obsah balenia : 50g<\/strong><\/p>\n","protected":false},"featured_media":2927,"comment_status":"open","ping_status":"closed","template":"","meta":[],"_links":{"self":[{"href":"http:\/\/cajovnajasminka.sk\/index.php?rest_route=\/wp\/v2\/product\/2926"}],"collection":[{"href":"http:\/\/cajovnajasminka.sk\/index.php?rest_route=\/wp\/v2\/product"}],"about":[{"href":"http:\/\/cajovnajasminka.sk\/index.php?rest_route=\/wp\/v2\/types\/product"}],"replies":[{"embeddable":true,"href":"http:\/\/cajovnajasminka.sk\/index.php?rest_route=%2Fwp%2Fv2%2Fcomments&post=2926"}],"wp:featuredmedia":[{"embeddable":true,"href":"http:\/\/cajovnajasminka.sk\/index.php?rest_route=\/wp\/v2\/media\/2927"}],"wp:attachment":[{"href":"http:\/\/cajovnajasminka.sk\/index.php?rest_route=%2Fwp%2Fv2%2Fmedia&parent=2926"}],"curies":[{"name":"wp","href":"https:\/\/api.w.org\/{rel}","templated":true}]}}