{"id":2920,"date":"2020-04-22T21:16:04","date_gmt":"2020-04-22T19:16:04","guid":{"rendered":"http:\/\/cajovnajasminka.sk\/?post_type=product&#038;p=2920"},"modified":"2020-04-22T21:20:45","modified_gmt":"2020-04-22T19:20:45","slug":"dracie-perly-jazminove-tai-mu-long-zhu","status":"publish","type":"product","link":"http:\/\/cajovnajasminka.sk\/?product=dracie-perly-jazminove-tai-mu-long-zhu","title":{"rendered":"Dra\u010die perly Jazm\u00ednov\u00e9-TAI-MU LONG ZHU"},"content":{"rendered":"<article class=\"product boxRow\">\n<div class=\"detailLong clear\">\n<div class=\"userHTMLContent productDescritionLong\">\n<p><strong>Mladu\u010dk\u00e9 zavinut\u00e9 v\u00fdhonky \u010daju aromatizovan\u00e9 jazm\u00ednov\u00fdmi kvetmi sa naz\u00fdvaj\u00fa Dra\u010die perly<\/strong><\/p>\n<p><b>Pr\u00edprava:\u00a0<\/b>Odpor\u00fa\u010dame\u00a0<strong>viacn\u00e1levov\u00fa pr\u00edpravu<\/strong>\u00a0\u010daju na \u010dajovom mori. Do \u010d\u00ednskej alebo taiwanskej \u010dajovej kanvi\u010dky alebo gaiwanu s objemom cca 200 \u2013 250 ml nalejeme hor\u00facu vodu, aby sa kanvi\u010dka prehriala a prevlh\u010dila. Vodu vylejeme. Do kanvi\u010dky vlo\u017e\u00edme 5-7 g \u010daju. \u010caj v kanvi\u010dke n\u00e1sledne\u00a0<strong>zalejeme vodou hor\u00facou 70-80 \u00b0C<\/strong>\u00a0a nech\u00e1me l\u00fahova\u0165 cca 1-2 min\u00faty.\u00a0<strong>N\u00e1lev zlejeme<\/strong>\u00a0do pomocnej kanvi\u010dky, aby sa premie\u0161al, bol homog\u00e9nny a nalejeme ho do misiek. Odpor\u00fa\u010dame\u00a0<strong>pou\u017ei\u0165 vysok\u00e9 voniatka<\/strong>\u00a0a z nich prelia\u0165 \u010daj do plytkej\u0161\u00edch misiek na pitie, aby ste si u\u017eili aj pr\u00edjemn\u00fa v\u00f4\u0148u \u010daju. Dobr\u00e1 v\u00f4\u0148a sa pova\u017euje za najd\u00f4le\u017eitej\u0161iu vlastnos\u0165 \u010daju. Tepl\u00e9 l\u00edstky v kanvi\u010dke zalejeme e\u0161te nieko\u013ekokr\u00e1t pod\u013ea chuti,\u00a0<strong>\u010daj je viacn\u00e1levov\u00fd<\/strong>. L\u00fahovanie po druhom n\u00e1leve po min\u00fate predl\u017eujeme.<\/p>\n<p><strong>S \u010dajom sa nebojte experimentova\u0165 a pripravi\u0165 si to tak, ako V\u00e1m najlep\u0161ie chut\u00ed. NA ZDRAVIE !<\/strong><\/p>\n<\/div>\n<\/div>\n<\/article>\n<p><strong>Krajina p\u00f4vodu: <\/strong>\u010c\u00edna<\/p>\n<p><strong>Obsah balenia :\u00a0<\/strong>vyberte mno\u017estvo<\/p>\n","protected":false},"excerpt":{"rendered":"<p><strong>Cena je uveden\u00e1 za 50 g \u010daju\u00a0<\/strong><\/p>\n<p><strong>Zelen\u00fd \u010daj &#8211; aromatizovan\u00fd jazm\u00ednov\u00fdmi kvetmi,\u00a0Mladu\u010dk\u00e9 zavinut\u00e9 v\u00fdhonky \u010daju<\/strong><\/p>\n<p>&nbsp;<\/p>\n","protected":false},"featured_media":2925,"comment_status":"open","ping_status":"closed","template":"","meta":[],"_links":{"self":[{"href":"http:\/\/cajovnajasminka.sk\/index.php?rest_route=\/wp\/v2\/product\/2920"}],"collection":[{"href":"http:\/\/cajovnajasminka.sk\/index.php?rest_route=\/wp\/v2\/product"}],"about":[{"href":"http:\/\/cajovnajasminka.sk\/index.php?rest_route=\/wp\/v2\/types\/product"}],"replies":[{"embeddable":true,"href":"http:\/\/cajovnajasminka.sk\/index.php?rest_route=%2Fwp%2Fv2%2Fcomments&post=2920"}],"wp:featuredmedia":[{"embeddable":true,"href":"http:\/\/cajovnajasminka.sk\/index.php?rest_route=\/wp\/v2\/media\/2925"}],"wp:attachment":[{"href":"http:\/\/cajovnajasminka.sk\/index.php?rest_route=%2Fwp%2Fv2%2Fmedia&parent=2920"}],"curies":[{"name":"wp","href":"https:\/\/api.w.org\/{rel}","templated":true}]}}