{"id":291,"date":"2017-05-02T19:49:52","date_gmt":"2017-05-02T17:49:52","guid":{"rendered":"http:\/\/cajovnajasminka.sk\/?product=haridra-rehabilitacia-a-rekonvalescencia"},"modified":"2023-01-19T10:59:28","modified_gmt":"2023-01-19T09:59:28","slug":"haridra-rehabilitacia-a-rekonvalescencia","status":"publish","type":"product","link":"http:\/\/cajovnajasminka.sk\/?product=haridra-rehabilitacia-a-rekonvalescencia","title":{"rendered":"Haridra-rehabilit\u00e1cia a rekonvalescencia"},"content":{"rendered":"<p>Himal\u00e1jske byliny sa u\u017e po cel\u00e9 st\u00e1ro\u010dia pou\u017e\u00edvaj\u00fa k optimaliz\u00e1cii du\u0161evn\u00fdch a telesn\u00fdch funkci\u00ed organizmu. S\u00fa z\u00e1kladom tradi\u010dn\u00e9ho ajurv\u00e9dsk\u00e9ho lek\u00e1rstva, ktor\u00e9 ich pou\u017e\u00edva v mnoh\u00fdch najr\u00f4znej\u0161\u00edch kombin\u00e1ci\u00e1ch.<\/p>\n<p><strong>\u010caj Haridra prispieva ako antioxidant k optim\u00e1lnemu stavu ko\u017en\u00e9ho tkaniva<br \/>\nP\u00f4sob\u00ed protiz\u00e1palovo a pom\u00e1ha eliminova\u0165 tox\u00edny<br \/>\nPrispieva k pre\u010disteniu krvi a norm\u00e1lnemu stavu poko\u017eky<br \/>\nPodporuje obranyschopnos\u0165 organizmu a zni\u017euje hor\u00fa\u010davu<br \/>\n<\/strong><\/p>\n<p><strong>Zlo\u017eenie :\u00a0<\/strong><\/p>\n<p>santalovec indick\u00fd (Pterocarpus marsupium), Haritaki (Terminalia chebula), marena farbiarska (Rubia tinctorum), kurkumovn\u00edk dlh\u00fd &#8211; Haridra (Curcuma longa).<\/p>\n<p><strong>Hmotnos\u0165 :<\/strong>\u00a0100 g<\/p>\n","protected":false},"excerpt":{"rendered":"<p>Himal\u00e1jske byliny sa u\u017e po cel\u00e9 st\u00e1ro\u010dia pou\u017e\u00edvaj\u00fa k optimaliz\u00e1cii du\u0161evn\u00fdch a telesn\u00fdch funkci\u00ed organizmu. S\u00fa z\u00e1kladom tradi\u010dn\u00e9ho ajurv\u00e9dsk\u00e9ho lek\u00e1rstva, ktor\u00e9 ich pou\u017e\u00edva v mnoh\u00fdch najr\u00f4znej\u0161\u00edch kombin\u00e1ci\u00e1ch. \u010caj Haridra prispieva ako antioxidant k optim\u00e1lnemu stavu ko\u017en\u00e9ho tkaniva P\u00f4sob\u00ed protiz\u00e1palovo a pom\u00e1ha eliminova\u0165 tox\u00edny Prispieva k pre\u010disteniu krvi a norm\u00e1lnemu stavu poko\u017eky Podporuje obranyschopnos\u0165 organizmu a<\/p>\n","protected":false},"featured_media":292,"comment_status":"open","ping_status":"closed","template":"","meta":[],"_links":{"self":[{"href":"http:\/\/cajovnajasminka.sk\/index.php?rest_route=\/wp\/v2\/product\/291"}],"collection":[{"href":"http:\/\/cajovnajasminka.sk\/index.php?rest_route=\/wp\/v2\/product"}],"about":[{"href":"http:\/\/cajovnajasminka.sk\/index.php?rest_route=\/wp\/v2\/types\/product"}],"replies":[{"embeddable":true,"href":"http:\/\/cajovnajasminka.sk\/index.php?rest_route=%2Fwp%2Fv2%2Fcomments&post=291"}],"wp:featuredmedia":[{"embeddable":true,"href":"http:\/\/cajovnajasminka.sk\/index.php?rest_route=\/wp\/v2\/media\/292"}],"wp:attachment":[{"href":"http:\/\/cajovnajasminka.sk\/index.php?rest_route=%2Fwp%2Fv2%2Fmedia&parent=291"}],"curies":[{"name":"wp","href":"https:\/\/api.w.org\/{rel}","templated":true}]}}