{"id":289,"date":"2017-05-02T19:45:27","date_gmt":"2017-05-02T17:45:27","guid":{"rendered":"http:\/\/cajovnajasminka.sk\/?product=bhringaraj-vlasy-2"},"modified":"2023-01-19T10:59:47","modified_gmt":"2023-01-19T09:59:47","slug":"bhringaraj-vlasy-2","status":"publish","type":"product","link":"http:\/\/cajovnajasminka.sk\/?product=bhringaraj-vlasy-2","title":{"rendered":"Bhringaraj-Vlasy"},"content":{"rendered":"<p>Himal\u00e1jske byliny sa u\u017e po cel\u00e9 st\u00e1ro\u010dia pou\u017e\u00edvaj\u00fa k optimaliz\u00e1cii du\u0161evn\u00fdch a telesn\u00fdch funkci\u00ed organizmu. S\u00fa z\u00e1kladom tradi\u010dn\u00e9ho ajurv\u00e9dsk\u00e9ho lek\u00e1rstva, ktor\u00e9 ich pou\u017e\u00edva v mnoh\u00fdch najr\u00f4znej\u0161\u00edch kombin\u00e1ci\u00e1ch.<\/p>\n<p><strong>\u010caj\u00a0Bhringaraj pom\u00e1ha udr\u017eiava\u0165 optim\u00e1lny stav poko\u017eky a vlasovej pokr\u00fdvky<br \/>\nPrispieva k spr\u00e1vnemu fungovaniu pe\u010dene<br \/>\nPodporuje perif\u00e9rnu cirkul\u00e1ciu a prekrvenie poko\u017eky<br \/>\nP\u00f4sob\u00ed priaznivo na \u010dinnos\u0165 tr\u00e1viaceho traktu<br \/>\nPovzbudzuje \u010dinnos\u0165 pe\u010dene a imunitn\u00e9ho syst\u00e9mu<br \/>\n<\/strong><\/p>\n<p><strong>Zlo\u017eenie :\u00a0<\/strong><\/p>\n<p>Bhringaraj (Eclipta alba hassk), embilika lek\u00e1rska &#8211; Amalaki (Emblica officinalis), pupo\u010dn\u00edk \u00e1zijsk\u00fd &#8211; GotuKola (Centella asiatica).<\/p>\n<p><strong>Hmotnos\u0165 :<\/strong>\u00a0100 g<\/p>\n","protected":false},"excerpt":{"rendered":"<p>Himal\u00e1jske byliny sa u\u017e po cel\u00e9 st\u00e1ro\u010dia pou\u017e\u00edvaj\u00fa k optimaliz\u00e1cii du\u0161evn\u00fdch a telesn\u00fdch funkci\u00ed organizmu. S\u00fa z\u00e1kladom tradi\u010dn\u00e9ho ajurv\u00e9dsk\u00e9ho lek\u00e1rstva, ktor\u00e9 ich pou\u017e\u00edva v mnoh\u00fdch najr\u00f4znej\u0161\u00edch kombin\u00e1ci\u00e1ch. \u010caj\u00a0Bhringaraj pom\u00e1ha udr\u017eiava\u0165 optim\u00e1lny stav poko\u017eky a vlasovej pokr\u00fdvky Prispieva k spr\u00e1vnemu fungovaniu pe\u010dene Podporuje perif\u00e9rnu cirkul\u00e1ciu a prekrvenie poko\u017eky P\u00f4sob\u00ed priaznivo na \u010dinnos\u0165 tr\u00e1viaceho traktu Povzbudzuje \u010dinnos\u0165<\/p>\n","protected":false},"featured_media":290,"comment_status":"open","ping_status":"closed","template":"","meta":[],"_links":{"self":[{"href":"http:\/\/cajovnajasminka.sk\/index.php?rest_route=\/wp\/v2\/product\/289"}],"collection":[{"href":"http:\/\/cajovnajasminka.sk\/index.php?rest_route=\/wp\/v2\/product"}],"about":[{"href":"http:\/\/cajovnajasminka.sk\/index.php?rest_route=\/wp\/v2\/types\/product"}],"replies":[{"embeddable":true,"href":"http:\/\/cajovnajasminka.sk\/index.php?rest_route=%2Fwp%2Fv2%2Fcomments&post=289"}],"wp:featuredmedia":[{"embeddable":true,"href":"http:\/\/cajovnajasminka.sk\/index.php?rest_route=\/wp\/v2\/media\/290"}],"wp:attachment":[{"href":"http:\/\/cajovnajasminka.sk\/index.php?rest_route=%2Fwp%2Fv2%2Fmedia&parent=289"}],"curies":[{"name":"wp","href":"https:\/\/api.w.org\/{rel}","templated":true}]}}