{"id":2879,"date":"2020-04-20T21:30:31","date_gmt":"2020-04-20T19:30:31","guid":{"rendered":"http:\/\/cajovnajasminka.sk\/?post_type=product&#038;p=2879"},"modified":"2020-04-20T21:33:31","modified_gmt":"2020-04-20T19:33:31","slug":"jahodienka","status":"publish","type":"product","link":"http:\/\/cajovnajasminka.sk\/?product=jahodienka","title":{"rendered":"Jahodienka"},"content":{"rendered":"<article class=\"product boxRow\">\n<div class=\"detailLong clear\">\n<div class=\"userHTMLContent productDescritionLong\">\n<p><strong>\u010caj s mno\u017estvom miner\u00e1lov a stopov\u00fdch prvkov je v\u00fdborn\u00fd s mliekom<\/strong><\/p>\n<p><strong>Pr\u00edprava:\u00a0<\/strong>vodu nech\u00e1me kr\u00e1tko zovrie\u0165.\u00a05 g \u010dajoviny\u00a0(cca 1,5 \u2013 2 \u010dajov\u00e9 ly\u017ei\u010dky) zalejeme\u00a0hor\u00facou vodou 95-100\u00b0C\u00a0o objeme\u00a02,5 \u2013 3,5 Dl\u00a0a nech\u00e1me l\u00fahova\u0165\u00a05-8 min\u00fat. N\u00e1lev zlejeme a pijeme \u010derstv\u00fd a tepl\u00fd.<br \/>\nOdpor\u00fa\u010dame \u010daj pi\u0165 raz denne dopoludnia, ale je pr\u00edjemn\u00e9 pi\u0165 tento \u010daj aj na ve\u010der, preto\u017ee neobsahuje te\u00edn a dobre sa po \u0148om zasp\u00e1va. V\u00fdborn\u00fd s mliekom.<\/p>\n<\/div>\n<\/div>\n<\/article>\n<p><strong>Zlo\u017eenie: <\/strong>Rooibos, jahodov\u00e9 listy, v\u00f4\u0148a, k\u00fasky plodov jah\u00f4d 1%, k\u00fasky vanilky<\/p>\n<p><strong>Krajina p\u00f4vodu:\u00a0<\/strong>EU<\/p>\n<p><strong>Obsah balenia :\u00a0<\/strong>vyberte mno\u017estvo<\/p>\n","protected":false},"excerpt":{"rendered":"<p><strong>Cena je uveden\u00e1 za 50 g \u010daju\u00a0<\/strong><\/p>\n<p><strong>Vo\u0148av\u00fd \u010daj rooibos &#8211; Africk\u00fd rooibos s jahodami a vanilkou<\/strong><\/p>\n<p>&nbsp;<\/p>\n","protected":false},"featured_media":2884,"comment_status":"open","ping_status":"closed","template":"","meta":[],"_links":{"self":[{"href":"http:\/\/cajovnajasminka.sk\/index.php?rest_route=\/wp\/v2\/product\/2879"}],"collection":[{"href":"http:\/\/cajovnajasminka.sk\/index.php?rest_route=\/wp\/v2\/product"}],"about":[{"href":"http:\/\/cajovnajasminka.sk\/index.php?rest_route=\/wp\/v2\/types\/product"}],"replies":[{"embeddable":true,"href":"http:\/\/cajovnajasminka.sk\/index.php?rest_route=%2Fwp%2Fv2%2Fcomments&post=2879"}],"wp:featuredmedia":[{"embeddable":true,"href":"http:\/\/cajovnajasminka.sk\/index.php?rest_route=\/wp\/v2\/media\/2884"}],"wp:attachment":[{"href":"http:\/\/cajovnajasminka.sk\/index.php?rest_route=%2Fwp%2Fv2%2Fmedia&parent=2879"}],"curies":[{"name":"wp","href":"https:\/\/api.w.org\/{rel}","templated":true}]}}