{"id":2873,"date":"2020-04-20T21:17:33","date_gmt":"2020-04-20T19:17:33","guid":{"rendered":"http:\/\/cajovnajasminka.sk\/?post_type=product&#038;p=2873"},"modified":"2020-04-20T21:21:07","modified_gmt":"2020-04-20T19:21:07","slug":"caj-krala-opic","status":"publish","type":"product","link":"http:\/\/cajovnajasminka.sk\/?product=caj-krala-opic","title":{"rendered":"\u010caj kr\u00e1\u013ea op\u00edc"},"content":{"rendered":"<article class=\"product boxRow\">\n<div class=\"detailLong clear\">\n<div class=\"userHTMLContent productDescritionLong\">\n<p><strong>Pikantn\u00fd aktivizuj\u00faci \u010daj posil\u0148uj\u00faci zdravie a energiu<\/strong><\/p>\n<p><strong>Pr\u00edprava:<\/strong>vodu nech\u00e1me kr\u00e1tko zovrie\u0165.\u00a05 g \u010dajoviny\u00a0(cca 1,5 \u2013 2 \u010dajov\u00e9 ly\u017ei\u010dky) zalejeme\u00a0hor\u00facou vodou 95-100\u00b0C\u00a0o objeme\u00a02,5 \u2013 3,5 Dl\u00a0a nech\u00e1me l\u00fahova\u0165\u00a05-8 min\u00fat. N\u00e1lev zlejeme a pijeme \u010derstv\u00fd a tepl\u00fd.<br \/>\nOdpor\u00fa\u010dame \u010daj pi\u0165 raz denne dopoludnia, ale je pr\u00edjemn\u00e9 pi\u0165 tento \u010daj aj na ve\u010der, preto\u017ee neobsahuje te\u00edn a dobre sa po \u0148om zasp\u00e1va. V\u00fdborn\u00fd s mliekom.<\/p>\n<p><strong>OZDRAVN\u00c1 K\u00daRA:<\/strong><br \/>\n\u010caj v\u010faka bylin\u00e1m, ktor\u00e9 obsahuje, sa zvykne pou\u017e\u00edva\u0165 aj na ozdravn\u00e9 k\u00fary. K\u00fara optim\u00e1lne trv\u00e1\u00a0<strong>2 t\u00fd\u017edne<\/strong>. Po\u010das nej sa pije tento \u010daj\u00a0<strong>1 \u2013 2 x denne<\/strong>. V\u017edy pripraven\u00fd na \u010derstvo.<\/p>\n<p>po\u010das k\u00fary odpor\u00fa\u010dame chodi\u0165 na \u010derstv\u00fd vzduch, precvi\u010dova\u0165 chrbticu a jes\u0165 \u013eahk\u00e9, dobre str\u00e1vite\u013en\u00e9 potraviny v malom objeme. Tak\u00fdto komplexn\u00fd pr\u00edstup zosil\u0148uje \u00fa\u010dinok k\u00fary s t\u00fdmto v\u00fdborn\u00fdm \u010dajom.<\/p>\n<p>Po\u00a0<strong>2 maxim\u00e1lne po 3 t\u00fd\u017ed\u0148och je dobr\u00e9 \u010daj vymeni\u0165<\/strong>, preto\u017ee \u013eudsk\u00fd organizmus m\u00e1 tendenciu zvykn\u00fa\u0165 si na pravideln\u00fd pr\u00edjem dan\u00fdch l\u00e1tok a zn\u00ed\u017ei sa t\u00fdm ich \u00fa\u010dinok. Zmena znova aktivizuje vn\u00edmavos\u0165 organizmu na lie\u010div\u00e9 l\u00e1tky obsiahnut\u00e9 v \u010daji.<\/p>\n<\/div>\n<\/div>\n<\/article>\n<p><strong>Zlo\u017eenie:<\/strong>Rooibos, z\u00e1zvor, \u0161korica, ru\u017eov\u00e9 korenie, kardamom 4%, rozdrven\u00e9 \u010dierne korenie, kvety nev\u00e4dze, v\u00f4\u0148a, k\u00fasky vanilky 0,7%<\/p>\n<p><strong>Obsah balenia :\u00a0<\/strong>vyberte mno\u017estvo<\/p>\n","protected":false},"excerpt":{"rendered":"<p><strong>Cena je uveden\u00e1 za 50 g \u010daju\u00a0<\/strong><\/p>\n<p><strong>Pr\u00edjemn\u00fd, korenist\u00fd, \u00e1jurv\u00e9dou in\u0161pirovan\u00fd bylinn\u00fd \u010daj s rooibosom<\/strong><\/p>\n<p>&nbsp;<\/p>\n","protected":false},"featured_media":2878,"comment_status":"open","ping_status":"closed","template":"","meta":[],"_links":{"self":[{"href":"http:\/\/cajovnajasminka.sk\/index.php?rest_route=\/wp\/v2\/product\/2873"}],"collection":[{"href":"http:\/\/cajovnajasminka.sk\/index.php?rest_route=\/wp\/v2\/product"}],"about":[{"href":"http:\/\/cajovnajasminka.sk\/index.php?rest_route=\/wp\/v2\/types\/product"}],"replies":[{"embeddable":true,"href":"http:\/\/cajovnajasminka.sk\/index.php?rest_route=%2Fwp%2Fv2%2Fcomments&post=2873"}],"wp:featuredmedia":[{"embeddable":true,"href":"http:\/\/cajovnajasminka.sk\/index.php?rest_route=\/wp\/v2\/media\/2878"}],"wp:attachment":[{"href":"http:\/\/cajovnajasminka.sk\/index.php?rest_route=%2Fwp%2Fv2%2Fmedia&parent=2873"}],"curies":[{"name":"wp","href":"https:\/\/api.w.org\/{rel}","templated":true}]}}