{"id":2867,"date":"2020-04-20T21:11:58","date_gmt":"2020-04-20T19:11:58","guid":{"rendered":"http:\/\/cajovnajasminka.sk\/?post_type=product&#038;p=2867"},"modified":"2020-04-20T21:15:57","modified_gmt":"2020-04-20T19:15:57","slug":"caj-7-cakier","status":"publish","type":"product","link":"http:\/\/cajovnajasminka.sk\/?product=caj-7-cakier","title":{"rendered":"\u010caj 7 \u010dakier"},"content":{"rendered":"<article class=\"product boxRow\">\n<div class=\"detailLong clear\">\n<div class=\"userHTMLContent productDescritionLong\">\n<p><strong>Tulsi<\/strong> v preklade znamen\u00e1 &#8222;vynikaj\u00faca, s ni\u010d\u00edm neporovnate\u013en\u00e1 rastlina.&#8220; A naozaj u\u017e nieko\u013eko tis\u00edcro\u010d\u00ed stoj\u00ed na samom vrchole piedest\u00e1lu najob\u013e\u00fabenej\u0161\u00edch byl\u00edn indickej \u00e1jurv\u00e9dy &#8211; n\u00e1uky o dlhom a zdravom \u017eivote. Ver\u00ed sa, \u017ee je jedn\u00fdm z elix\u00edrov, ktor\u00fd pom\u00e1ha pred\u013a\u017ei\u0165 \u013eudsk\u00fd \u017eivot.<\/p>\n<p>\u017diadna hinduistick\u00e1 dom\u00e1cnos\u0165 by nebola \u00fapln\u00e1, keby v nej ner\u00e1stla tulsi. Je symbolom bo\u017eej milosti a po\u017eehnan\u00edm pre dom. Preto sa zv\u00e4\u010d\u0161a nesad\u00ed len tak na priedomie, ale vyvinul sa pre \u0148u zauj\u00edmav\u00fd architektonick\u00fd prvok, typick\u00e1 mal\u00e1 stavba zobrazuj\u00faca bo\u017estv\u00e1 alebo samotn\u00fa rastlinu tulsi na v\u0161etk\u00fdch \u0161tyroch sten\u00e1ch. Je tu i miesto na mal\u00fa hlinen\u00fa olejov\u00fa lampu.<\/p>\n<p><strong>PR\u00cdBUZN\u00c1 NA\u0160EJ BAZALKY<\/strong><br \/>\nDomovinou posv\u00e4tnej bazalky tulsi je India. Rastie v\u0161ak na viacer\u00fdch miestach v tropick\u00fdch a subtropick\u00fdch oblastiach. V miernom p\u00e1sme sa \u010dasto pestuje ako jednoro\u010dn\u00e1 rastlina. Dosahuje v\u00fd\u0161ky 60-90 cm. Po cel\u00fd rok kvitne na ru\u017eovo alebo aj na bielo. M\u00e1 pr\u00edjemn\u00fd vzh\u013ead, ve\u013emi aromatick\u00e9 listy s korenistou v\u00f4\u0148ou pripom\u00ednaj\u00facou klin\u010deky. Z vysu\u0161en\u00fdch l\u00edstkov sa pripravuje ve\u013emi chutn\u00fd \u010daj s mimoriadne cenn\u00fdmi lie\u010div\u00fdmi vlastnos\u0165ami.<br \/>\nPreto\u017ee sa tulsi hojne pestuje na pomerne \u0161irokom \u00fazem\u00ed, stala sa dos\u0165 variabilnou a existuje viacero foriem. Medic\u00ednske \u00fa\u010dinky, silu, vzrast a formu tulsi ovplyv\u0148uje aj zlo\u017eenie p\u00f4dy, kl\u00edma, mno\u017estvo zr\u00e1\u017eok i sp\u00f4sob dom\u00e1ceho pestovania.<\/p>\n<p><strong>PR\u00cdPRAVA ZIMN\u00c9HO \u010cAJU S TULSI<\/strong><\/p>\n<p>Dobr\u00fd \u010daj z tulsi (Ocimum sanctum) si priprav\u00edme ve\u013emi jednoducho. Do hrn\u010deka vriacej vody (0,5 Dl) vhod\u00edme k\u00fasky \u0161korice a \u010fal\u0161\u00edch \u010dajov\u00fdch koren\u00edn, ktor\u00e9 m\u00e1me radi. Odpor\u00fa\u010dame predov\u0161etk\u00fdm klin\u010deky, vanilku kardanom, ru\u017eov\u00e9 korenie a k\u00fasky z\u00e1zvoru. V\u0161etky koreniny spolu var\u00edme 5-10 min\u00fat, k\u00fdm n\u00e1poj neza\u010dne intenz\u00edvne vo\u0148a\u0165 a sfarb\u00ed sa do zlatista. Potom ohe\u0148 vypneme a odvar nech\u00e1me e\u0161te 4-5 min\u00fat l\u00fahova\u0165 spolu s ly\u017ei\u010dkou bazalky tulsi (5g). \u010caj m\u00f4\u017eeme jemne osladi\u0165 dobr\u00fdm ag\u00e1tov\u00fdm medom.<\/p>\n<p>V\u00fdborn\u00fd zimn\u00fd \u010daj si m\u00f4\u017eeme pripravi\u0165 aj z hotov\u00fdch \u010dajov\u00fdch zmes\u00ed namie\u0161an\u00fdch pod\u013ea poznatkov \u00e1jurv\u00e9dy z bazalky tulsi, koren\u00edn a \u010fal\u0161\u00edch byl\u00edn. K najpopul\u00e1rnej\u0161\u00edm patr\u00ed napr\u00edklad \u010daj Slnko Himal\u00e1j\u00ed (tulsi, zelen\u00fd rooibos, z\u00e1zvor, \u0161korica, vervain, harman\u010dek, levandu\u013ea, ru\u017ea), \u010daj Sedem \u010dakier (tulsi, honeybush, jab\u013a\u010dka, \u0161korica, vervain, citr\u00f3nov\u00e1 tr\u00e1va, listy citr\u00f3nu, necht\u00edk), \u010caj l\u00e1mov (tulsi, zelen\u00fd rooibos, jab\u013a\u010dka, z\u00e1zvor, \u010derven\u00e9 korenie, kardamon, \u0161korica, pomaran\u010d) alebo \u010caj hodv\u00e1bnej cesty (tulsi, kokos, z\u00e1zvor, kardamon, \u0161korica, klin\u010deky, \u010derven\u00e9 a \u010dierne korenie, ru\u017ea).<\/p>\n<p><strong>\u010caj s posv\u00e4tnou bazalkou tulsi pom\u00e1ha na:<\/strong><br \/>\n&#8211; zvy\u0161ovanie imunity<br \/>\n&#8211; patr\u00ed k tradi\u010dn\u00fdm pr\u00edrodn\u00fdm antibiotik\u00e1m<br \/>\n&#8211; p\u00f4sob\u00ed protiv\u00edrusovo a antibakteri\u00e1lne<br \/>\n&#8211; zni\u017eovanie hladiny cholesterolu<br \/>\n&#8211; pre diabetikov, pom\u00e1ha zni\u017eova\u0165 hladinu cukru v krvi<br \/>\n&#8211; d\u00fdchacie cesty, priedu\u0161ky, ka\u0161e\u013e<br \/>\n&#8211; na miernenie astmy a alergie<br \/>\n&#8211; popisuje sa ako v\u00fdrazn\u00fd antioxidant a imunomodul\u00e1tor<br \/>\n&#8211; zni\u017eovanie hor\u00fa\u010dky a odstra\u0148ovanie \u00fanavy<br \/>\n&#8211; v\u00fdborn\u00e9 na krv, kostn\u00fa dre\u0148, srdce a cievy<br \/>\n&#8211; eliminova\u0165 jedy v krvi, posil\u0148ova\u0165 pe\u010de\u0148<br \/>\n&#8211; pou\u017e\u00edva sa na o\u010distu organizmu aj pri kontamin\u00e1cii ortu\u0165ou (z morsk\u00fdch r\u00fdb zo zamoren\u00fdch oblast\u00ed)<br \/>\n&#8211; m\u00f4\u017ee posil\u0148ova\u0165 telo lep\u0161\u00edm vyu\u017e\u00edvan\u00edm kysl\u00edka, pom\u00e1ha pri \u00fanave vo vysok\u00fdch nadmorsk\u00fdch v\u00fd\u0161kach<br \/>\n&#8211; podporuje synt\u00e9zu bielkov\u00edn<br \/>\n&#8211; chr\u00e1ni telo pred \u017eiaren\u00edm (slnko, po\u010d\u00edta\u010d, r\u0151ntgen, o\u017earovanie&#8230;)<br \/>\na n\u00e1sledn\u00fdmi mo\u017en\u00fdmi po\u0161kodeniami chromoz\u00f3mov<br \/>\n&#8211; \u0161tuduj\u00fa sa aj \u00fa\u010dinky proti vzniku rakoviny<br \/>\n&#8211; zni\u017eovanie tiahleho stresu, upokojenie rozdr\u00e1\u017eden\u00e9ho nervov\u00e9ho syst\u00e9mu<br \/>\n&#8211; pod\u013ea v\u00fdskumov obsahuje vitam\u00edny C, A, v\u00e1pnik, zinok, \u017eelezo<br \/>\n&#8211; posil\u0148ova\u0165 celkov\u00fa energiu a auru<br \/>\n&#8211; zmier\u0148ova\u0165 tvorbu ekz\u00e9mov<br \/>\n&#8211; tlmi\u0165 bolesti<br \/>\n&#8211; odpudzovanie hmyzu<\/p>\n<p><strong>UPOZORNENIE:<\/strong><br \/>\n\u010caj s bazalkou tulsi sa neodpor\u00fa\u010da pravidelne pi\u0165 tehotn\u00fdm a kojacim \u017een\u00e1m.<strong><br \/>\n<\/strong><\/p>\n<p><strong>PR\u00cdPRAVA \u010cAJU:<\/strong><\/p>\n<p>\u010caj pripravujeme klasick\u00fdm sp\u00f4sobom v peknej kanvi\u010dke alebo \u0161\u00e1lke so sitkom, ktor\u00e9 umoc\u0148uj\u00fa p\u00f4\u017eitok z pitia \u010daju i pozit\u00edvny vplyv \u010daju na \u013eudsk\u00fd organizmus.<\/p>\n<p>Dobr\u00fa vodu nech\u00e1me kr\u00e1tko zovrie\u0165.\u00a0<strong>5 g \u010dajoviny<\/strong>\u00a0(cca 1,5 \u2013 2 \u010dajov\u00e9 ly\u017ei\u010dky) zalejeme\u00a0<strong>hor\u00facou vodou 95-100\u00b0C<\/strong>\u00a0o objeme\u00a0<strong>2,5 \u2013 3,5 Dl<\/strong>\u00a0a nech\u00e1me l\u00fahova\u0165\u00a0<strong>5-10 min\u00fat<\/strong>. N\u00e1lev zlejeme a pijeme \u010derstv\u00fd a tepl\u00fd.<br \/>\nOdpor\u00fa\u010dame \u010daj pi\u0165 raz denne dopoludnia, ale je pr\u00edjemn\u00e9 pi\u0165 tento \u010daj aj na ve\u010der, preto\u017ee neobsahuje te\u00edn a dobre sa po \u0148om zasp\u00e1va.<\/p>\n<p><strong>OZDRAVN\u00c1 K\u00daRA:<\/strong><br \/>\n\u010caj v\u010faka bylin\u00e1m, ktor\u00e9 obsahuje, sa zvykne pou\u017e\u00edva\u0165 aj na ozdravn\u00e9 k\u00fary. K\u00fara optim\u00e1lne trv\u00e1\u00a0<strong>2 t\u00fd\u017edne<\/strong>. Po\u010das nej sa pije tento \u010daj\u00a0<strong>1 \u2013 2 x denne<\/strong>. V\u017edy pripraven\u00fd na \u010derstvo.<\/p>\n<p>po\u010das k\u00fary odpor\u00fa\u010dame chodi\u0165 na \u010derstv\u00fd vzduch, precvi\u010dova\u0165 chrbticu a jes\u0165 \u013eahk\u00e9, dobre str\u00e1vite\u013en\u00e9 potraviny v malom objeme. Tak\u00fdto komplexn\u00fd pr\u00edstup zosil\u0148uje \u00fa\u010dinok k\u00fary s t\u00fdmto v\u00fdborn\u00fdm \u010dajom.<\/p>\n<p>Po\u00a0<strong>2 maxim\u00e1lne po 3 t\u00fd\u017ed\u0148och je dobr\u00e9 \u010daj vymeni\u0165<\/strong>, preto\u017ee \u013eudsk\u00fd organizmus m\u00e1 tendenciu zvykn\u00fa\u0165 si na pravideln\u00fd pr\u00edjem dan\u00fdch l\u00e1tok a zn\u00ed\u017ei sa t\u00fdm ich \u00fa\u010dinok. Zmena znova aktivizuje vn\u00edmavos\u0165 organizmu na lie\u010div\u00e9 l\u00e1tky obsiahnut\u00e9 v \u010daji.<\/p>\n<\/div>\n<\/div>\n<\/article>\n<p><strong>Zlo\u017eenie: <\/strong>Tulsi (Ocimum sanctum) 42%, jab\u013a\u010dka, \u017eelezn\u00edk, \u0161korica, citr\u00f3nov\u00e1 tr\u00e1va 8%, honeybush, medovka 5%, v\u00f4\u0148a, rooibos, lupienky necht\u00edka<\/p>\n<p><strong>Krajina p\u00f4vodu:<\/strong>\u00a0EU<\/p>\n<p><strong>Obsah balenia :\u00a0<\/strong>vyberte mno\u017estvo<\/p>\n","protected":false},"excerpt":{"rendered":"<p><strong>Cena je uveden\u00e1 za 50 g \u010daju\u00a0<\/strong><\/p>\n<p><strong>Pr\u00edjemn\u00fd, korenist\u00fd, \u00e1jurv\u00e9dou in\u0161pirovan\u00fd bylinn\u00fd \u010daj<\/strong><\/p>\n<p>&nbsp;<\/p>\n","protected":false},"featured_media":2872,"comment_status":"open","ping_status":"closed","template":"","meta":[],"_links":{"self":[{"href":"http:\/\/cajovnajasminka.sk\/index.php?rest_route=\/wp\/v2\/product\/2867"}],"collection":[{"href":"http:\/\/cajovnajasminka.sk\/index.php?rest_route=\/wp\/v2\/product"}],"about":[{"href":"http:\/\/cajovnajasminka.sk\/index.php?rest_route=\/wp\/v2\/types\/product"}],"replies":[{"embeddable":true,"href":"http:\/\/cajovnajasminka.sk\/index.php?rest_route=%2Fwp%2Fv2%2Fcomments&post=2867"}],"wp:featuredmedia":[{"embeddable":true,"href":"http:\/\/cajovnajasminka.sk\/index.php?rest_route=\/wp\/v2\/media\/2872"}],"wp:attachment":[{"href":"http:\/\/cajovnajasminka.sk\/index.php?rest_route=%2Fwp%2Fv2%2Fmedia&parent=2867"}],"curies":[{"name":"wp","href":"https:\/\/api.w.org\/{rel}","templated":true}]}}